{"id":869,"date":"2017-12-21T10:10:38","date_gmt":"2017-12-21T10:10:38","guid":{"rendered":"http:\/\/test.ag-freizeit.de\/?page_id=869"},"modified":"2022-03-22T12:51:42","modified_gmt":"2022-03-22T11:51:42","slug":"ueber-uns-2","status":"publish","type":"page","link":"https:\/\/www.ag-freizeit.de\/?page_id=869","title":{"rendered":"\u00dcber uns"},"content":{"rendered":"<p>Die AG Freizeit e.V. gibt es seit mehr als 30 Jahren.<\/p>\n<p>Wir machen viele Freizeit- Angebote.<\/p>\n<p>Basteln &#8211; Ausfl\u00fcge &#8211; Fu\u00dfball spielen &#8211; Karaoke.<\/p>\n<p>Alle ab 14 Jahren sind willkommen.<\/p>\n<p>Ob mit oder ohne Behinderung.<\/p>\n<p>Mehr als 100 Personen kommen zu uns.<\/p>\n<p>Diese kommen aus Marburg und Umgebung.<\/p>\n<h4>Warum wir das machen?<\/h4>\n<p>Menschen mit Behinderung d\u00fcrfen ihre Freizeit selbst gestalten.<\/p>\n<p>Wie nicht behinderte Menschen auch.<\/p>\n<p>Manche wollen\u2026.<\/p>\n<ul>\n<li>\u2026ins Kino oder zu Konzerten gehen. Sich mit Freunden und Freundinnen treffen. Etwas zusammen unternehmen.<\/li>\n<li>\u2026Sport machen. Fu\u00dfball und Badminton spielen. Oder Billard oder Tischfu\u00dfball spielen.<\/li>\n<li>\u2026Kunst machen. Malen und Theater spielen. Oder Basteln und Musik machen.<\/li>\n<\/ul>\n<ul>\n<li>Alle d\u00fcrfen selbst entscheiden. Ob einem etwas Spa\u00df macht oder nicht. Was man machen mag und was nicht.<\/li>\n<li>Alle d\u00fcrfen Spa\u00df haben!<\/li>\n<\/ul>\n<p>Alle d\u00fcrfen mitmachen.<\/p>\n<p>Wer Hilfe braucht, bekommt sie.<\/p>\n<p>Das kann ganz unterschiedlich sein.<\/p>\n<p>Zum Beispiel beim Gehen oder beim Rechnen.<\/p>\n<p>Bei Fragen oder zum Begleiten.<\/p>\n<h4><\/h4>\n<h4>So sind wir f\u00fcr euch da:<\/h4>\n<ul>\n<li>Wir gehen auf viele W\u00fcnsche ein. Zum Beispiel Angebots- W\u00fcnsche. Alle werden geh\u00f6rt.<\/li>\n<li>Alle bekommen Unterst\u00fctzung. So wie sie es brauchen und wollen.<\/li>\n<li>Wir wollen Vertrauen aufbauen. Und respektvoll zueinander sein.<\/li>\n<li>Wir sind zuverl\u00e4ssig. Wir halten unsere Verabredungen f\u00fcr Angebote ein. Du darfst dich gerne auf uns verlassen.<\/li>\n<\/ul>\n<p>Wenn du mehr \u00fcber uns wissen m\u00f6chtest.<\/p>\n<p>Wenn du unser Programm haben m\u00f6chtest.<\/p>\n<p>Oder wenn du bei uns teilnehmen willst.<\/p>\n<p>Dann melde dich gerne bei uns:<\/p>\n<p><strong>Postanschrift:<\/strong><br \/>\nAG Freizeit e. V.<br \/>\nAm Erlengraben 12a<br \/>\n35037 Marburg<\/p>\n<p>Telefon: 06421\/1696760<br \/>\n(Mo-Fr 11-15 Uhr)<\/p>\n<p>Mail: <a href=\"mailto:info@ag-freizeit.de\">info@ag-freizeit.de<\/a><\/p>\n<p><a href=\"http:\/\/test.ag-freizeit.de\/?page_id=80\">Kontaktformular<\/a><\/p>\n","protected":false},"excerpt":{"rendered":"<p>Die AG Freizeit e.V. gibt es seit mehr als 30 Jahren. Wir machen viele Freizeit- Angebote. Basteln &#8211; Ausfl\u00fcge &#8211; Fu\u00dfball spielen &#8211; Karaoke. Alle ab 14 Jahren sind willkommen. Ob mit oder ohne Behinderung. Mehr als 100 Personen kommen zu uns. Diese kommen aus Marburg und Umgebung. Warum wir das machen? Menschen mit Behinderung &#8230; <a title=\"\u00dcber uns\" class=\"read-more\" href=\"https:\/\/www.ag-freizeit.de\/?page_id=869\">Weiterlesen &#8230;<\/a><\/p>\n","protected":false},"author":1,"featured_media":0,"parent":0,"menu_order":0,"comment_status":"closed","ping_status":"closed","template":"","meta":{"_bbp_topic_count":0,"_bbp_reply_count":0,"_bbp_total_topic_count":0,"_bbp_total_reply_count":0,"_bbp_voice_count":0,"_bbp_anonymous_reply_count":0,"_bbp_topic_count_hidden":0,"_bbp_reply_count_hidden":0,"_bbp_forum_subforum_count":0,"_cbd_carousel_blocks":"[]","generate_page_header":"","footnotes":""},"class_list":["post-869","page","type-page","status-publish"],"publishpress_future_action":{"enabled":false,"date":"2026-04-26 10:51:44","action":"change-status","newStatus":"draft","terms":[],"taxonomy":"","extraData":[]},"publishpress_future_workflow_manual_trigger":{"enabledWorkflows":[]},"_links":{"self":[{"href":"https:\/\/www.ag-freizeit.de\/index.php?rest_route=\/wp\/v2\/pages\/869","targetHints":{"allow":["GET"]}}],"collection":[{"href":"https:\/\/www.ag-freizeit.de\/index.php?rest_route=\/wp\/v2\/pages"}],"about":[{"href":"https:\/\/www.ag-freizeit.de\/index.php?rest_route=\/wp\/v2\/types\/page"}],"author":[{"embeddable":true,"href":"https:\/\/www.ag-freizeit.de\/index.php?rest_route=\/wp\/v2\/users\/1"}],"replies":[{"embeddable":true,"href":"https:\/\/www.ag-freizeit.de\/index.php?rest_route=%2Fwp%2Fv2%2Fcomments&post=869"}],"version-history":[{"count":4,"href":"https:\/\/www.ag-freizeit.de\/index.php?rest_route=\/wp\/v2\/pages\/869\/revisions"}],"predecessor-version":[{"id":89599,"href":"https:\/\/www.ag-freizeit.de\/index.php?rest_route=\/wp\/v2\/pages\/869\/revisions\/89599"}],"wp:attachment":[{"href":"https:\/\/www.ag-freizeit.de\/index.php?rest_route=%2Fwp%2Fv2%2Fmedia&parent=869"}],"curies":[{"name":"wp","href":"https:\/\/api.w.org\/{rel}","templated":true}]}}