{"id":852,"date":"2017-12-21T09:32:44","date_gmt":"2017-12-21T08:32:44","guid":{"rendered":"http:\/\/test.ag-freizeit.de\/?page_id=852"},"modified":"2026-01-08T12:22:37","modified_gmt":"2026-01-08T11:22:37","slug":"kurs-anfragen","status":"publish","type":"page","link":"https:\/\/www.ag-freizeit.de\/?page_id=852","title":{"rendered":"Kurs anfragen!"},"content":{"rendered":"<h2><strong>Kurse in Ihrem Hause<\/strong><\/h2>\n<p>Sie k\u00f6nnen uns auch buchen f\u00fcr einen Kurs in Ihrer Einrichtung, Ihrer Schule etc., um einen Selbstbehauptungskurs in Ihrem Hause durchzuf\u00fchren!<\/p>\n<p>z.B. Kompaktkurs = 4 Einheiten \u00e1 4 Stunden<br \/>\u00fcber 4 Wochen oder an je zwei Tagen in 2 aufeinander folgenden Wochen<br \/>Der Kurs k\u00f6nnte auch auf 6 Vormittage erweitert werden. Dann k\u00f6nnen die Inhalte durch mehr Wiederholungen besser vertieft werden und nachhaltiger einge\u00fcbt werden.<\/p>\n<p>z.B. Wochenendkurs = 2 Einheiten \u00e1 8 Stunden<br \/>Samstag\/Sonntag<\/p>\n<h3>\u00a0<\/h3>\n<p><b>Teilnehmer*innen<\/b><\/p>\n<p>Der Kurs richtet sich ausschlie\u00dflich an M\u00e4dchen und Frauen oder ausschlie\u00dflich an Jungen und M\u00e4nner.<br \/>Die Teilnehmer*innen sollten freiwillig an diesem Angebot teilnehmen!<br \/>Die minimale Anzahl an Teilnehmer*innen betr\u00e4gt 6, die maximale 10 bis 12.<br \/>Wir ben\u00f6tigen im Voraus noch Informationen \u00fcber allgemeine (z.B. genaue Anzahl, Alter) und spezielle Voraussetzungen (z.B. Sehbehinderung) und Unterst\u00fctzungsbedarfe der Teilnehmer*innen, um unser Programm darauf abstimmen zu k\u00f6nnen.<\/p>\n<p>Im Zusammenhang mit unserem Selbstbehauptungstraining werden wir immer wieder nach Voraussetzungen von Teilnehmer*innen gefragt \u2013 Was ist, wenn jemand nicht spricht oder was ist, wenn jemand nur sehr langsam oder eingeschr\u00e4nkt Sprache versteht; kann die betreffende Person dann auch teilnehmen? Die Antwort lautet \u201eJA selbstverst\u00e4ndlich!\u201c. Unsere Arbeitsweise orientiert sich an den jeweiligen Voraussetzungen der Teilnehmer*innen, nicht umgekehrt!<\/p>\n<p>Bez\u00fcglich der Art der Teilnahme ist uns wichtig zu erw\u00e4hnen, dass jede Person stets selbst entscheidet, wann und auf welche Weise sie sich einbringt. Schlie\u00dflich sollen die Workshops bei allem Lernen und \u00dcben in erster Linie Spa\u00df machen.<\/p>\n<p><strong>R\u00e4umlichkeiten\/Materialien<\/strong><\/p>\n<p>Als \u00dcbungsraum brauchen wir einen m\u00f6glichst gro\u00dfen Raum (f\u00fcr Bewegungs- und Ballspiele geeignet).<br \/>Der Raum sollte hell, gut heizbar sowie zu den \u00dcbungszeiten weitgehend l\u00e4rm- sowie st\u00f6rungsfrei (kein Durchgangsverkehr seitens HausmeisterInnen, Reinigungskr\u00e4fte etc.) sein.<br \/>Beachten Sie in jedem Fall aber, dass unser Kurs sehr laut werden kann! (damit wir niemand anderen st\u00f6ren)<br \/>Wir brauchen den \u00dcbungsraum je 1\/4 Stunde vor Beginn sowie nach Beendigung des Kurses, um ihn geeignet vorzubereiten bzw. aufzur\u00e4umen.<\/p>\n<p><b>Preise<br \/><\/b>(2026)<br \/>Kurs 4 x 4 oder 2 x 8 Stunden<\/p>\n<p>Kosten f\u00fcr Kurs mit 2 Trainerinnen incl.<br \/>Infotermin, Vor-, Nachbereitung, Materialkosten \u20ac 1.950,&#8211;<\/p>\n<p>Plus Anfahrtspauschale<\/p>\n<p><a href=\"https:\/\/www.ag-freizeit.de\/?page_id=80\">Kontakt<\/a><\/p>\n\n","protected":false},"excerpt":{"rendered":"<p>Kurse in Ihrem Hause Sie k\u00f6nnen uns auch buchen f\u00fcr einen Kurs in Ihrer Einrichtung, Ihrer Schule etc., um einen Selbstbehauptungskurs in Ihrem Hause durchzuf\u00fchren! z.B. Kompaktkurs = 4 Einheiten \u00e1 4 Stunden\u00fcber 4 Wochen oder an je zwei Tagen in 2 aufeinander folgenden WochenDer Kurs k\u00f6nnte auch auf 6 Vormittage erweitert werden. Dann k\u00f6nnen &#8230; <a title=\"Kurs anfragen!\" class=\"read-more\" href=\"https:\/\/www.ag-freizeit.de\/?page_id=852\">Weiterlesen &#8230;<\/a><\/p>\n","protected":false},"author":1,"featured_media":0,"parent":0,"menu_order":0,"comment_status":"closed","ping_status":"closed","template":"","meta":{"_bbp_topic_count":0,"_bbp_reply_count":0,"_bbp_total_topic_count":0,"_bbp_total_reply_count":0,"_bbp_voice_count":0,"_bbp_anonymous_reply_count":0,"_bbp_topic_count_hidden":0,"_bbp_reply_count_hidden":0,"_bbp_forum_subforum_count":0,"_cbd_carousel_blocks":"[]","generate_page_header":"","footnotes":""},"class_list":["post-852","page","type-page","status-publish"],"publishpress_future_action":{"enabled":false,"date":"2026-04-26 14:39:32","action":"change-status","newStatus":"draft","terms":[],"taxonomy":"","extraData":[]},"publishpress_future_workflow_manual_trigger":{"enabledWorkflows":[]},"_links":{"self":[{"href":"https:\/\/www.ag-freizeit.de\/index.php?rest_route=\/wp\/v2\/pages\/852","targetHints":{"allow":["GET"]}}],"collection":[{"href":"https:\/\/www.ag-freizeit.de\/index.php?rest_route=\/wp\/v2\/pages"}],"about":[{"href":"https:\/\/www.ag-freizeit.de\/index.php?rest_route=\/wp\/v2\/types\/page"}],"author":[{"embeddable":true,"href":"https:\/\/www.ag-freizeit.de\/index.php?rest_route=\/wp\/v2\/users\/1"}],"replies":[{"embeddable":true,"href":"https:\/\/www.ag-freizeit.de\/index.php?rest_route=%2Fwp%2Fv2%2Fcomments&post=852"}],"version-history":[{"count":12,"href":"https:\/\/www.ag-freizeit.de\/index.php?rest_route=\/wp\/v2\/pages\/852\/revisions"}],"predecessor-version":[{"id":291361,"href":"https:\/\/www.ag-freizeit.de\/index.php?rest_route=\/wp\/v2\/pages\/852\/revisions\/291361"}],"wp:attachment":[{"href":"https:\/\/www.ag-freizeit.de\/index.php?rest_route=%2Fwp%2Fv2%2Fmedia&parent=852"}],"curies":[{"name":"wp","href":"https:\/\/api.w.org\/{rel}","templated":true}]}}