{"id":851,"date":"2017-12-21T09:32:44","date_gmt":"2017-12-21T09:32:44","guid":{"rendered":"http:\/\/test.ag-freizeit.de\/?page_id=851"},"modified":"2022-01-07T16:36:39","modified_gmt":"2022-01-07T15:36:39","slug":"art-und-weise-der-durchfuehrung","status":"publish","type":"page","link":"https:\/\/www.ag-freizeit.de\/?page_id=851","title":{"rendered":"Art und Weise der Durchf\u00fchrung"},"content":{"rendered":"<p>Das Wesentliche und Besondere an unseren Kursen ist die Ausrichtung auf Teilnehmer*innen mit \u201ekognitiven Beeintr\u00e4chtigungen\u201c. Diese Ausrichtung ist dadurch gekennzeichnet, dass wir den einzelnen \u00dcbungen viel Zeit einr\u00e4umen, dass wir mit Wiederholungen arbeiten, dass die \u00dcbungen wenig Abstraktes beinhalten \u2013 nach dem Motto \u201ekonkret und greifbar\u201c. Daf\u00fcr haben wir zum Teil herk\u00f6mmliche Selbstbehauptungs-\u00dcbungen umgewandelt oder auch neue \u00dcbungen konzipiert.<\/p>\n<ul>\n<li>gesch\u00fctzter Rahmen (geschlechtsspezifisches Angebot)<\/li>\n<li>Prinzip Freiwilligkeit<\/li>\n<li>Jede\/r nach ihrer\/seiner Zeit und ihren\/seinen M\u00f6glichkeiten<\/li>\n<li>Von niedrigem zu sehr hohem Level<\/li>\n<li>Wiederholungen<\/li>\n<li>Ablauf von \u00dcbungen: Vorf\u00fchren, Anleiten, Begleiten, Reflexion<\/li>\n<li>Die Teilnehmer*innen da abholen, wo sie sich momentan befinden<\/li>\n<li>Inhalte erlebbar machen<\/li>\n<li>Offene Situationen erm\u00f6glichen und nutzen<\/li>\n<li>Anpassung von \u00dcbungen an individuelle Voraussetzungen<\/li>\n<\/ul>\n","protected":false},"excerpt":{"rendered":"<p>Das Wesentliche und Besondere an unseren Kursen ist die Ausrichtung auf Teilnehmer*innen mit \u201ekognitiven Beeintr\u00e4chtigungen\u201c. Diese Ausrichtung ist dadurch gekennzeichnet, dass wir den einzelnen \u00dcbungen viel Zeit einr\u00e4umen, dass wir mit Wiederholungen arbeiten, dass die \u00dcbungen wenig Abstraktes beinhalten \u2013 nach dem Motto \u201ekonkret und greifbar\u201c. Daf\u00fcr haben wir zum Teil herk\u00f6mmliche Selbstbehauptungs-\u00dcbungen umgewandelt oder &#8230; <a title=\"Art und Weise der Durchf\u00fchrung\" class=\"read-more\" href=\"https:\/\/www.ag-freizeit.de\/?page_id=851\">Weiterlesen &#8230;<\/a><\/p>\n","protected":false},"author":1,"featured_media":0,"parent":477,"menu_order":0,"comment_status":"closed","ping_status":"closed","template":"","meta":{"_bbp_topic_count":0,"_bbp_reply_count":0,"_bbp_total_topic_count":0,"_bbp_total_reply_count":0,"_bbp_voice_count":0,"_bbp_anonymous_reply_count":0,"_bbp_topic_count_hidden":0,"_bbp_reply_count_hidden":0,"_bbp_forum_subforum_count":0,"_cbd_carousel_blocks":"[]","generate_page_header":"","footnotes":""},"class_list":["post-851","page","type-page","status-publish"],"publishpress_future_action":{"enabled":false,"date":"2026-04-22 21:54:44","action":"change-status","newStatus":"draft","terms":[],"taxonomy":"","extraData":[]},"publishpress_future_workflow_manual_trigger":{"enabledWorkflows":[]},"_links":{"self":[{"href":"https:\/\/www.ag-freizeit.de\/index.php?rest_route=\/wp\/v2\/pages\/851","targetHints":{"allow":["GET"]}}],"collection":[{"href":"https:\/\/www.ag-freizeit.de\/index.php?rest_route=\/wp\/v2\/pages"}],"about":[{"href":"https:\/\/www.ag-freizeit.de\/index.php?rest_route=\/wp\/v2\/types\/page"}],"author":[{"embeddable":true,"href":"https:\/\/www.ag-freizeit.de\/index.php?rest_route=\/wp\/v2\/users\/1"}],"replies":[{"embeddable":true,"href":"https:\/\/www.ag-freizeit.de\/index.php?rest_route=%2Fwp%2Fv2%2Fcomments&post=851"}],"version-history":[{"count":3,"href":"https:\/\/www.ag-freizeit.de\/index.php?rest_route=\/wp\/v2\/pages\/851\/revisions"}],"predecessor-version":[{"id":61073,"href":"https:\/\/www.ag-freizeit.de\/index.php?rest_route=\/wp\/v2\/pages\/851\/revisions\/61073"}],"up":[{"embeddable":true,"href":"https:\/\/www.ag-freizeit.de\/index.php?rest_route=\/wp\/v2\/pages\/477"}],"wp:attachment":[{"href":"https:\/\/www.ag-freizeit.de\/index.php?rest_route=%2Fwp%2Fv2%2Fmedia&parent=851"}],"curies":[{"name":"wp","href":"https:\/\/api.w.org\/{rel}","templated":true}]}}