{"id":7,"date":"2016-04-28T09:29:03","date_gmt":"2016-04-28T09:29:03","guid":{"rendered":"http:\/\/test.ag-freizeit.de\/?page_id=7"},"modified":"2024-12-17T15:30:25","modified_gmt":"2024-12-17T14:30:25","slug":"ueber-uns","status":"publish","type":"page","link":"https:\/\/www.ag-freizeit.de\/?page_id=7","title":{"rendered":"\u00dcber uns"},"content":{"rendered":"<p><b><i>Die AG Freizeit e.V.<\/i><\/b> &#8211; f\u00fcr Behinderte und Nichtbehinderte &#8211; ist ein anerkannter Fachdienst der Behindertenhilfe. Seit 1980 bieten wir Aktivit\u00e4ten zur Freizeitgestaltung f\u00fcr Jugendliche und Erwachsene mit insbesondere kognitiven Beeintr\u00e4chtigungen an. Jugendliche und Erwachsene ohne Behinderung sind herzlich willkommen Zur Zeit werden unsere Angebote von ca. 120 Personen aus der Stadt Marburg und dem Landkreis Marburg-Biedenkopf genutzt.<\/p>\n<h3><\/h3>\n<h3>Unser Grundgedanke<\/h3>\n<p>Jugendliche und Erwachsene mit einer Behinderung haben dieselben Freizeitinteressen wie Jugendliche und Erwachsene ohne Behinderung auch:<\/p>\n<ul class=\"content\">\n<li class=\"content\">Sie wollen am \u00f6ffentlichen und kulturellen Leben teilnehmen: sie m\u00f6chten ins Kino, ins Theater, zu Konzerten und Festen gehen&#8230;Sie wollen sich mit FreundInnen und Bekannten treffen, mit ihnen gemeinsam etwas unternehmen&#8230;<\/li>\n<li class=\"content\">Sie wollen sich kreativ und sportlich bet\u00e4tigen: Fu\u00dfball spielen, Fahrrad fahren, ins Schwimmbad gehen, Kickern, Billard spielen, malen, Theater spielen, Musik machen&#8230;Sie wollen sich unterhalten, mit jemandem austauschen k\u00f6nnen&#8230;<\/li>\n<li class=\"content\">Sie wollen selbst entscheiden, was sie gerade tun und lassen m\u00f6chten, nach Lust und Laune ausw\u00e4hlen k\u00f6nnen&#8230;<\/li>\n<li class=\"content\">Sie wollen Spa\u00df haben&#8230;<\/li>\n<\/ul>\n<p>Um dies tun zu k\u00f6nnen, brauchen sie individuelle Hilfen: bei Mobilit\u00e4t, Kommunikation und Orientierung, beim Lesen, beim Verstehen von Zusammenh\u00e4ngen&#8230;<br \/>\nJugendlichen und Erwachsenen eine selbstbestimmte Freizeitgestaltung zu erm\u00f6glichen, Angebote zu schaffen, die ihren Interessen entsprechen und auf ihre W\u00fcnsche einzugehen; Inklusion, kulturelle Teilhabe zu f\u00f6rdern; schlicht und einfach dazu beitragen, dass sie in der Freizeit Spa\u00df haben (und ihnen die individuell erforderlichen Hilfen und Unterst\u00fctzungen zu geben), ist ein Ziel und Ausgangspunkt unserer Arbeit.<\/p>\n<h3>flexibel und kontinuierlich &#8211;<\/h3>\n<p><b><i>individuell und zuverl\u00e4ssig<\/i><\/b><br \/>\nDiese Stichworte sind die Qualit\u00e4tskriterien, die unsere Angebote und Hilfen kennzeichnen:<\/p>\n<ul class=\"content\">\n<li class=\"content\">flexibel auf W\u00fcnsche und Bed\u00fcrfnisse von BesucherInnen eingehen, die Angebote und Aktivit\u00e4ten darauf ausrichten&#8230;<\/li>\n<li class=\"content\">Vertrauen und Zuverl\u00e4ssigkeit durch MitarbeiterInnen-Kontinuit\u00e4t gew\u00e4hrleisten&#8230;<\/li>\n<li class=\"content\">Hilfen und Unterst\u00fctzung im individuell erforderlichen und gew\u00fcnschten Ma\u00df leisten&#8230;<\/li>\n<li class=\"content\">Verl\u00e4sslichkeit und Kontinuit\u00e4t durch Regelm\u00e4\u00dfigkeit unserer Angebote sicherstellen&#8230;<\/li>\n<li class=\"content\">fachliche Zuverl\u00e4ssigkeit durch regelm\u00e4\u00dfige MitarbeiterInnen-Schulungen&#8230;<\/li>\n<\/ul>\n<p>&#8230;all das geh\u00f6rt f\u00fcr uns selbstverst\u00e4ndlich dazu.<\/p>\n<h3>noch Fragen?<\/h3>\n<ul class=\"content\">\n<li class=\"content\">wenn du mehr \u00fcber uns wissen willst,<\/li>\n<li class=\"content\">wenn du das monatliche Programm, die Jahres\u00fcbersicht \u00fcber Extra-Angebote und Reisen zugesandt bekommen m\u00f6chtest,<\/li>\n<li class=\"content\">wenn du Interesse hast, an den Angeboten der AG Freizeit e. V. teilzunehmen,<\/li>\n<li class=\"content\">dann nimm Kontakt zu uns auf:<\/li>\n<\/ul>\n<h3><\/h3>\n<p><b>Postanschrift:<\/b><br \/>\nAG Freizeit e. V.<br \/>\nAm Erlengraben 12a<br \/>\n35037 Marburg<\/p>\n<p>Telefon: 06421\/1696760<br \/>\n(Mo-Fr 11-15 Uhr)<\/p>\n<p>Mail: <a class=\"link\" href=\"mailto:info@ag-freizeit.de\" target=\"_blank\" rel=\"noopener\">info@ag-freizeit.de<\/a><\/p>\n<h2>Das Geld&#8230;<\/h2>\n<p>&#8230; im wesentlichen wird unsere Arbeit durch \u00f6ffentliche Zuwendungen (Stadt Marburg, Landkreis Marburg-Biedenkopf, Land Hessen) finanziert. Dar\u00fcberhinaus sind wir aber auf Spenden angewiesen. Solche Spenden sind steuerabzugsf\u00e4hig, auf Wunsch stellen wir eine entsprechende Spendenbescheinigung aus. Alle, die unsere Arbeit finanziell unterst\u00fctzen m\u00f6chten, bitten wir daher, ihre Spende auf folgendes Konto zu \u00fcberweisen:<\/p>\n<p>Kontoinhaberin: AG Freizeit e. V.<br \/>\nIBAN: DE13 5335 0000 1012 0138 30<br \/>\nBIC: HELADEF1MAR<br \/>\nGeldinstitut: Sparkasse Marburg-Biedenkopf<br \/>\n<b><i><br \/>\nDanke!<\/i><\/b><\/p>\n","protected":false},"excerpt":{"rendered":"<p>Die AG Freizeit e.V. &#8211; f\u00fcr Behinderte und Nichtbehinderte &#8211; ist ein anerkannter Fachdienst der Behindertenhilfe. Seit 1980 bieten wir Aktivit\u00e4ten zur Freizeitgestaltung f\u00fcr Jugendliche und Erwachsene mit insbesondere kognitiven Beeintr\u00e4chtigungen an. Jugendliche und Erwachsene ohne Behinderung sind herzlich willkommen Zur Zeit werden unsere Angebote von ca. 120 Personen aus der Stadt Marburg und dem &#8230; <a title=\"\u00dcber uns\" class=\"read-more\" href=\"https:\/\/www.ag-freizeit.de\/?page_id=7\">Weiterlesen &#8230;<\/a><\/p>\n","protected":false},"author":1,"featured_media":0,"parent":0,"menu_order":8,"comment_status":"closed","ping_status":"closed","template":"","meta":{"_bbp_topic_count":0,"_bbp_reply_count":0,"_bbp_total_topic_count":0,"_bbp_total_reply_count":0,"_bbp_voice_count":0,"_bbp_anonymous_reply_count":0,"_bbp_topic_count_hidden":0,"_bbp_reply_count_hidden":0,"_bbp_forum_subforum_count":0,"_cbd_carousel_blocks":"[]","generate_page_header":"","footnotes":""},"class_list":["post-7","page","type-page","status-publish"],"publishpress_future_action":{"enabled":false,"date":"2026-04-24 09:57:37","action":"change-status","newStatus":"draft","terms":[],"taxonomy":"","extraData":[]},"publishpress_future_workflow_manual_trigger":{"enabledWorkflows":[]},"_links":{"self":[{"href":"https:\/\/www.ag-freizeit.de\/index.php?rest_route=\/wp\/v2\/pages\/7","targetHints":{"allow":["GET"]}}],"collection":[{"href":"https:\/\/www.ag-freizeit.de\/index.php?rest_route=\/wp\/v2\/pages"}],"about":[{"href":"https:\/\/www.ag-freizeit.de\/index.php?rest_route=\/wp\/v2\/types\/page"}],"author":[{"embeddable":true,"href":"https:\/\/www.ag-freizeit.de\/index.php?rest_route=\/wp\/v2\/users\/1"}],"replies":[{"embeddable":true,"href":"https:\/\/www.ag-freizeit.de\/index.php?rest_route=%2Fwp%2Fv2%2Fcomments&post=7"}],"version-history":[{"count":10,"href":"https:\/\/www.ag-freizeit.de\/index.php?rest_route=\/wp\/v2\/pages\/7\/revisions"}],"predecessor-version":[{"id":290511,"href":"https:\/\/www.ag-freizeit.de\/index.php?rest_route=\/wp\/v2\/pages\/7\/revisions\/290511"}],"wp:attachment":[{"href":"https:\/\/www.ag-freizeit.de\/index.php?rest_route=%2Fwp%2Fv2%2Fmedia&parent=7"}],"curies":[{"name":"wp","href":"https:\/\/api.w.org\/{rel}","templated":true}]}}