{"id":66,"date":"2016-05-04T09:58:46","date_gmt":"2016-05-04T09:58:46","guid":{"rendered":"http:\/\/test.ag-freizeit.de\/?page_id=66"},"modified":"2025-11-21T17:25:10","modified_gmt":"2025-11-21T16:25:10","slug":"startseite","status":"publish","type":"page","link":"https:\/\/www.ag-freizeit.de\/","title":{"rendered":"Startseite"},"content":{"rendered":"\n<p class=\"has-regular-font-size\"><strong>Herzlich willkommen auf der Seite der AG Freizeit e.V.<\/strong><\/p>\n\n\n\n<p><strong><em>\u00c4nderungen ab 2026<\/em><\/strong>:<br><strong><em>Der freie Zugang zu den Angeboten der AG Freizeit e.V. wie bisher kann ab 2026 nicht mehr angeboten werden.<\/em><\/strong><br>Ab 01.01.26 sind der LWV = Landeswohlfahrtsverband (und der Landkreis Marburg-Biedenkopf) f\u00fcr die Finanzierung der Leistungen zust\u00e4ndig. <br>Das hei\u00dft: wer die Angebote nutzen m\u00f6chte muss entweder<br>1. einen <em>Antrag auf Eingliederungshilfe zur Sozialen Teilhabe<\/em> stellen! <br>Erwachsene beim LWV, Jugendliche beim Landkreis, in dem sie wohnen.      oder<br>2. wer nur sporadisch oder zu wenigen Angeboten im Jahr kommen m\u00f6chte, kann die Kosten auch \u00fcber die Pflegekasse (Entlastungsbetrag und \/ oder Verhinderungspflege) erstatten lassen.     oder<br>3. selbst bezahlen.<\/p>\n\n\n\n<p>Bei Fragen &#8211; einfach bei uns melden!<br><br>Wir hoffen, dass sich eines nicht ver\u00e4ndert: Das vertraute Miteinander und die vielseitigen, lebendigen Aktivit\u00e4ten bei der AG Freizeit e.V.<br><\/p>\n\n\n\n<p>Angie Zipprich und das ganze Team<\/p>\n\n\n<div class=\"wp-block-image is-resized\">\n<figure class=\"alignleft\"><a href=\"http:\/\/www.ag-freizeit.de\/?cat=1\"><img loading=\"lazy\" decoding=\"async\" width=\"300\" height=\"300\" src=\"http:\/\/test.ag-freizeit.de\/wp-content\/uploads\/2016\/05\/NC-300x300.png\" alt=\"\" class=\"wp-image-578\" style=\"width:268px;height:auto\" srcset=\"https:\/\/www.ag-freizeit.de\/wp-content\/uploads\/2016\/05\/NC-300x300.png 300w, https:\/\/www.ag-freizeit.de\/wp-content\/uploads\/2016\/05\/NC-150x150.png 150w, https:\/\/www.ag-freizeit.de\/wp-content\/uploads\/2016\/05\/NC-600x599.png 600w, https:\/\/www.ag-freizeit.de\/wp-content\/uploads\/2016\/05\/NC.png 631w\" sizes=\"auto, (max-width: 300px) 100vw, 300px\" \/><\/a><\/figure>\n<\/div>\n\n<div class=\"wp-block-image is-resized\">\n<figure class=\"alignleft\"><a href=\"http:\/\/www.ag-freizeit.de\/?page_id=103\"><img loading=\"lazy\" decoding=\"async\" width=\"300\" height=\"300\" src=\"http:\/\/test.ag-freizeit.de\/wp-content\/uploads\/2016\/05\/EXTRA-1-300x300.png\" alt=\"\" class=\"wp-image-580\" style=\"width:271px;height:auto\" srcset=\"https:\/\/www.ag-freizeit.de\/wp-content\/uploads\/2016\/05\/EXTRA-1-300x300.png 300w, https:\/\/www.ag-freizeit.de\/wp-content\/uploads\/2016\/05\/EXTRA-1-150x150.png 150w, https:\/\/www.ag-freizeit.de\/wp-content\/uploads\/2016\/05\/EXTRA-1-768x769.png 768w, https:\/\/www.ag-freizeit.de\/wp-content\/uploads\/2016\/05\/EXTRA-1-1022x1024.png 1022w, https:\/\/www.ag-freizeit.de\/wp-content\/uploads\/2016\/05\/EXTRA-1-600x601.png 600w, https:\/\/www.ag-freizeit.de\/wp-content\/uploads\/2016\/05\/EXTRA-1.png 1262w\" sizes=\"auto, (max-width: 300px) 100vw, 300px\" \/><\/a><\/figure>\n<\/div>\n\n<div class=\"wp-block-image is-resized\">\n<figure class=\"alignleft\"><a href=\"http:\/\/www.ag-freizeit.de\/?page_id=105\"><img loading=\"lazy\" decoding=\"async\" width=\"298\" height=\"300\" src=\"http:\/\/test.ag-freizeit.de\/wp-content\/uploads\/2016\/05\/Freizeiten-298x300.png\" alt=\"\" class=\"wp-image-581\" style=\"width:259px;height:auto\" srcset=\"https:\/\/www.ag-freizeit.de\/wp-content\/uploads\/2016\/05\/Freizeiten-298x300.png 298w, https:\/\/www.ag-freizeit.de\/wp-content\/uploads\/2016\/05\/Freizeiten-150x150.png 150w, https:\/\/www.ag-freizeit.de\/wp-content\/uploads\/2016\/05\/Freizeiten-600x605.png 600w, https:\/\/www.ag-freizeit.de\/wp-content\/uploads\/2016\/05\/Freizeiten.png 626w\" sizes=\"auto, (max-width: 298px) 100vw, 298px\" \/><\/a><\/figure>\n<\/div>\n\n<div class=\"wp-block-image is-resized\">\n<figure class=\"alignleft size-large\"><a href=\"https:\/\/www.ag-freizeit.de\/?page_id=863\"><img loading=\"lazy\" decoding=\"async\" width=\"422\" height=\"178\" src=\"https:\/\/www.ag-freizeit.de\/wp-content\/uploads\/2020\/02\/Aktuelle-Projekte_Logo-5.png\" alt=\"\" class=\"wp-image-2357\" srcset=\"https:\/\/www.ag-freizeit.de\/wp-content\/uploads\/2020\/02\/Aktuelle-Projekte_Logo-5.png 422w, https:\/\/www.ag-freizeit.de\/wp-content\/uploads\/2020\/02\/Aktuelle-Projekte_Logo-5-300x127.png 300w\" sizes=\"auto, (max-width: 422px) 100vw, 422px\" \/><\/a><\/figure>\n<\/div>\n\n\n<div class=\"wp-block-group\"><div class=\"wp-block-group__inner-container is-layout-flow wp-block-group-is-layout-flow\">\n<figure class=\"wp-block-image size-full is-resized\"><a href=\"https:\/\/www.ag-freizeit.de\/?page_id=2619\"><img loading=\"lazy\" decoding=\"async\" width=\"503\" height=\"188\" src=\"https:\/\/www.ag-freizeit.de\/wp-content\/uploads\/2022\/12\/neue-Raeume-1.png\" alt=\"\" class=\"wp-image-289358\" srcset=\"https:\/\/www.ag-freizeit.de\/wp-content\/uploads\/2022\/12\/neue-Raeume-1.png 503w, https:\/\/www.ag-freizeit.de\/wp-content\/uploads\/2022\/12\/neue-Raeume-1-300x112.png 300w\" sizes=\"auto, (max-width: 503px) 100vw, 503px\" \/><\/a><\/figure>\n<\/div><\/div>\n\n\n\n<p class=\"has-text-align-center\"><\/p>\n\n\n\n<figure class=\"wp-block-image size-full\"><img loading=\"lazy\" decoding=\"async\" width=\"198\" height=\"57\" src=\"https:\/\/www.ag-freizeit.de\/wp-content\/uploads\/2025\/10\/Logo-Paritaet-2024.jpg\" alt=\"\" class=\"wp-image-291200\"\/><\/figure>\n\n\n\n\n\n<p><\/p>\n\n\n\n\n","protected":false},"excerpt":{"rendered":"<p>Herzlich willkommen auf der Seite der AG Freizeit e.V. \u00c4nderungen ab 2026:Der freie Zugang zu den Angeboten der AG Freizeit e.V. wie bisher kann ab 2026 nicht mehr angeboten werden.Ab 01.01.26 sind der LWV = Landeswohlfahrtsverband (und der Landkreis Marburg-Biedenkopf) f\u00fcr die Finanzierung der Leistungen zust\u00e4ndig. Das hei\u00dft: wer die Angebote nutzen m\u00f6chte muss entweder1. &#8230; <a title=\"Startseite\" class=\"read-more\" href=\"https:\/\/www.ag-freizeit.de\/\">Weiterlesen &#8230;<\/a><\/p>\n","protected":false},"author":1,"featured_media":0,"parent":0,"menu_order":7,"comment_status":"closed","ping_status":"closed","template":"","meta":{"_bbp_topic_count":0,"_bbp_reply_count":0,"_bbp_total_topic_count":0,"_bbp_total_reply_count":0,"_bbp_voice_count":0,"_bbp_anonymous_reply_count":0,"_bbp_topic_count_hidden":0,"_bbp_reply_count_hidden":0,"_bbp_forum_subforum_count":0,"_cbd_carousel_blocks":"[]","generate_page_header":"","footnotes":""},"class_list":["post-66","page","type-page","status-publish"],"publishpress_future_action":{"enabled":false,"date":"2026-04-24 10:17:56","action":"change-status","newStatus":"draft","terms":[],"taxonomy":"","extraData":[]},"publishpress_future_workflow_manual_trigger":{"enabledWorkflows":[]},"_links":{"self":[{"href":"https:\/\/www.ag-freizeit.de\/index.php?rest_route=\/wp\/v2\/pages\/66","targetHints":{"allow":["GET"]}}],"collection":[{"href":"https:\/\/www.ag-freizeit.de\/index.php?rest_route=\/wp\/v2\/pages"}],"about":[{"href":"https:\/\/www.ag-freizeit.de\/index.php?rest_route=\/wp\/v2\/types\/page"}],"author":[{"embeddable":true,"href":"https:\/\/www.ag-freizeit.de\/index.php?rest_route=\/wp\/v2\/users\/1"}],"replies":[{"embeddable":true,"href":"https:\/\/www.ag-freizeit.de\/index.php?rest_route=%2Fwp%2Fv2%2Fcomments&post=66"}],"version-history":[{"count":141,"href":"https:\/\/www.ag-freizeit.de\/index.php?rest_route=\/wp\/v2\/pages\/66\/revisions"}],"predecessor-version":[{"id":291260,"href":"https:\/\/www.ag-freizeit.de\/index.php?rest_route=\/wp\/v2\/pages\/66\/revisions\/291260"}],"wp:attachment":[{"href":"https:\/\/www.ag-freizeit.de\/index.php?rest_route=%2Fwp%2Fv2%2Fmedia&parent=66"}],"curies":[{"name":"wp","href":"https:\/\/api.w.org\/{rel}","templated":true}]}}