{"id":56,"date":"2016-05-04T09:39:35","date_gmt":"2016-05-04T09:39:35","guid":{"rendered":"http:\/\/test.ag-freizeit.de\/?page_id=56"},"modified":"2024-12-17T15:48:07","modified_gmt":"2024-12-17T14:48:07","slug":"galerie","status":"publish","type":"page","link":"https:\/\/www.ag-freizeit.de\/?page_id=56","title":{"rendered":"Kunst-Galerie"},"content":{"rendered":"<p>Auf den folgenden Seiten finden sie Kunst-Werke, die w\u00e4hrend des Nachmittagscaf\u00e9s oder bei Freizeiten entstanden sind. 2022 konnte eine Auswahl der \u00d6ffentlichkeit zug\u00e4nglich gemacht werden.<\/p>\n<table style=\"width: 90%;\">\n<tbody>\n<tr>\n<td style=\"width: 743px;\">Einige dieser Werke sind im Rahmen der Kunst-Angebote entstanden, die meisten aber entstanden &#8220;einfach so&#8221;, aus dem Augenblick heraus.<\/p>\n<p>Die Werke wurden mit einfachsten Materialien hergestellt. Unabh\u00e4ngig davon, ob es Zeichnungen, angefertigt mit Faserstiften, oder Bilder, gemalt mit Buntstiften oder Wasserfarben sind &#8230; ob es sich um Werke, gefertigt aus verschiedensten Materialien wie Stoff, Wolle, Tapete &#8230; handelt, allen gemeinsam ist:<\/p>\n<ul>\n<li>sie sind individueller Ausdruck phantasievollen, kreativen Schaffens<\/li>\n<li>sie sind lebendig und farbenfroh<\/li>\n<li>sie erz\u00e4hlen Geschichten<\/li>\n<li>sie regen die eigene Phantasie an<\/li>\n<\/ul>\n<p>und wir w\u00fcnschen viel Spa\u00df beim Betrachten!<\/p>\n<p>F\u00fcr weitergehende Informationen und bei Interesse an einzelnen Werken: Anfragen per Email an: <a class=\"link\" href=\"mailto:info@ag-freizeit.de\" target=\"_blank\" rel=\"noopener\">info@ag-freizeit.de<\/a><\/td>\n<td style=\"width: 51px;\"><\/td>\n<td style=\"width: 529px;\">\n<p style=\"text-align: center;\"><a href=\"https:\/\/www.ag-freizeit.de\/?page_id=117\">Kunst-Auktion<\/a><\/p>\n<p style=\"text-align: center;\"><a href=\"https:\/\/www.ag-freizeit.de\/?page_id=119\">Ausstellung in der Galerie<\/a><\/p>\n<\/td>\n<\/tr>\n<\/tbody>\n<\/table>\n","protected":false},"excerpt":{"rendered":"<p>Auf den folgenden Seiten finden sie Kunst-Werke, die w\u00e4hrend des Nachmittagscaf\u00e9s oder bei Freizeiten entstanden sind. 2022 konnte eine Auswahl der \u00d6ffentlichkeit zug\u00e4nglich gemacht werden. Einige dieser Werke sind im Rahmen der Kunst-Angebote entstanden, die meisten aber entstanden &#8220;einfach so&#8221;, aus dem Augenblick heraus. Die Werke wurden mit einfachsten Materialien hergestellt. Unabh\u00e4ngig davon, ob es &#8230; <a title=\"Kunst-Galerie\" class=\"read-more\" href=\"https:\/\/www.ag-freizeit.de\/?page_id=56\">Weiterlesen &#8230;<\/a><\/p>\n","protected":false},"author":1,"featured_media":0,"parent":0,"menu_order":13,"comment_status":"closed","ping_status":"closed","template":"","meta":{"_bbp_topic_count":0,"_bbp_reply_count":0,"_bbp_total_topic_count":0,"_bbp_total_reply_count":0,"_bbp_voice_count":0,"_bbp_anonymous_reply_count":0,"_bbp_topic_count_hidden":0,"_bbp_reply_count_hidden":0,"_bbp_forum_subforum_count":0,"_cbd_carousel_blocks":"[]","generate_page_header":"","footnotes":""},"class_list":["post-56","page","type-page","status-publish"],"publishpress_future_action":{"enabled":false,"date":"2026-04-22 22:16:04","action":"change-status","newStatus":"draft","terms":[],"taxonomy":"","extraData":[]},"publishpress_future_workflow_manual_trigger":{"enabledWorkflows":[]},"_links":{"self":[{"href":"https:\/\/www.ag-freizeit.de\/index.php?rest_route=\/wp\/v2\/pages\/56","targetHints":{"allow":["GET"]}}],"collection":[{"href":"https:\/\/www.ag-freizeit.de\/index.php?rest_route=\/wp\/v2\/pages"}],"about":[{"href":"https:\/\/www.ag-freizeit.de\/index.php?rest_route=\/wp\/v2\/types\/page"}],"author":[{"embeddable":true,"href":"https:\/\/www.ag-freizeit.de\/index.php?rest_route=\/wp\/v2\/users\/1"}],"replies":[{"embeddable":true,"href":"https:\/\/www.ag-freizeit.de\/index.php?rest_route=%2Fwp%2Fv2%2Fcomments&post=56"}],"version-history":[{"count":10,"href":"https:\/\/www.ag-freizeit.de\/index.php?rest_route=\/wp\/v2\/pages\/56\/revisions"}],"predecessor-version":[{"id":290525,"href":"https:\/\/www.ag-freizeit.de\/index.php?rest_route=\/wp\/v2\/pages\/56\/revisions\/290525"}],"wp:attachment":[{"href":"https:\/\/www.ag-freizeit.de\/index.php?rest_route=%2Fwp%2Fv2%2Fmedia&parent=56"}],"curies":[{"name":"wp","href":"https:\/\/api.w.org\/{rel}","templated":true}]}}