{"id":494,"date":"2017-10-19T08:25:20","date_gmt":"2017-10-19T08:25:20","guid":{"rendered":"http:\/\/test.ag-freizeit.de\/?page_id=494"},"modified":"2018-06-19T13:19:12","modified_gmt":"2018-06-19T13:19:12","slug":"literatur","status":"publish","type":"page","link":"https:\/\/www.ag-freizeit.de\/?page_id=494","title":{"rendered":"Literatur"},"content":{"rendered":"<div class=\"entry-content\">\n<table style=\"width: 95%;\">\n<tbody>\n<tr>\n<td style=\"width: 656px;\"><strong>Selbstbehauptungstraining f\u00fcr M\u00e4dchen und Frauen mit geistiger Behinderung \u2013 ein Handbuch\u201c<\/strong><\/p>\n<p>Es ist im Buchhandel unter der ISBN 3-930 830-67-1 erh\u00e4ltlich.<\/p>\n<p>Preis: 9,50 Euro<\/p>\n<p>Inhalt<\/p>\n<p>M\u00e4dchen mit geistiger Behinderung \u2013 und Gewalterfahrungen<br \/>\nGrundlegendes zum Selbstbehauptungstraining (Ziele, Grunds\u00e4tze\/Standards, Vorgehen)<br \/>\n\u00dcbungen<br \/>\nAnregungen und Informationen f\u00fcr die Umsetzung von Selbstbehauptungskursen (Was gilt es zu beachten?, Arbeitsmaterialien, Adressen)<\/p>\n<p>&nbsp;<\/td>\n<td style=\"width: 672.983px;\"><a href=\"http:\/\/www.ag-freizeit.de\/wp-content\/uploads\/2018\/01\/handbuch1.jpg\"><img loading=\"lazy\" decoding=\"async\" class=\"alignleft wp-image-1062\" src=\"http:\/\/www.ag-freizeit.de\/wp-content\/uploads\/2018\/01\/handbuch1.jpg\" alt=\"\" width=\"209\" height=\"253\" srcset=\"https:\/\/www.ag-freizeit.de\/wp-content\/uploads\/2018\/01\/handbuch1.jpg 553w, https:\/\/www.ag-freizeit.de\/wp-content\/uploads\/2018\/01\/handbuch1-248x300.jpg 248w\" sizes=\"auto, (max-width: 209px) 100vw, 209px\" \/><\/a><\/td>\n<\/tr>\n<tr>\n<td style=\"width: 656px;\"><strong>M\u00e4nnerrunde: Selbstbehauptungstraining f\u00fcr Jungen und M\u00e4nner mit kognitiven Beeintr\u00e4chtigungen<\/strong><\/p>\n<p>Mit diesem Handbuch werden Erfahrungen und Ergebnisse aus eineinhalb Jahren Projektarbeit weitergegeben. Die \u201eM\u00e4nnerrunde\u201c ist ein Selbstbehauptungstraining f\u00fcr Jungen (ab 12 Jahren) und M\u00e4nner mit kognitiven Beeintr\u00e4chtigungen. Das Training ist als Unterst\u00fctzung beim Erwerb von Kompetenzen zur selbstsicheren Behauptung im Alltag gedacht. Zugleich ist das Training anerkanntes Mittel zur Pr\u00e4vention von Gewalt und\/oder sexueller Gewalt. Die Einstellung in diesem Handbuch ist davon gepr\u00e4gt: Jungen und M\u00e4nner mit kognitiven Beeintr\u00e4chtigungen sind zwar aufgrund ihrer Behinderung auf Hilfen angewiesen, aber in jedem von ihnen stecken die Kraft und die F\u00e4higkeit zu lernen, eigenst\u00e4ndig handeln und Verantwortung f\u00fcr sich selbst \u00fcbernehmen zu k\u00f6nnen. Die logische Konsequenz ist, dass jede Hilfe und Unterst\u00fctzung auf Bef\u00e4higung und Kompetenzzugewinn abzielt, so dass sie selbst \u00fcber ihr Leben bestimmen k\u00f6nnen.<\/p>\n<p>Broschiert: 75 Seiten<br \/>\nVerlag: Verein zur F\u00f6rderung der sozialpolitischen Arbeit; Auflage: 1 (Juni 2013)<br \/>\nSprache: Deutsch<br \/>\nISBN-10: 394086546X<br \/>\nISBN-13: 978-3940865465<\/p>\n<p>&nbsp;<\/td>\n<td style=\"width: 672.983px;\"><a href=\"http:\/\/www.ag-freizeit.de\/wp-content\/uploads\/2018\/01\/Handbuch_SBM.jpg\"><img loading=\"lazy\" decoding=\"async\" class=\"alignleft wp-image-1061\" src=\"http:\/\/www.ag-freizeit.de\/wp-content\/uploads\/2018\/01\/Handbuch_SBM-878x1024.jpg\" alt=\"\" width=\"209\" height=\"244\" srcset=\"https:\/\/www.ag-freizeit.de\/wp-content\/uploads\/2018\/01\/Handbuch_SBM-878x1024.jpg 878w, https:\/\/www.ag-freizeit.de\/wp-content\/uploads\/2018\/01\/Handbuch_SBM-257x300.jpg 257w, https:\/\/www.ag-freizeit.de\/wp-content\/uploads\/2018\/01\/Handbuch_SBM-768x896.jpg 768w, https:\/\/www.ag-freizeit.de\/wp-content\/uploads\/2018\/01\/Handbuch_SBM.jpg 973w\" sizes=\"auto, (max-width: 209px) 100vw, 209px\" \/><\/a><\/p>\n<p>&nbsp;<\/td>\n<\/tr>\n<tr>\n<td style=\"width: 656px;\"><strong>\u201eIch will, ich kann, ich darf!\u201c<\/strong><br \/>\n<strong> St\u00e4rkende Arbeit f\u00fcr M\u00e4dchen und Frauen mit geistiger Behinderung<\/strong>Ein Handbuch f\u00fcr MitarbeiterInnen aus der Behindertenhilfe.Es ist im Buchhandel vom Verlag AG SPAK unter der ISBN 978-3-940865-18-2 erh\u00e4ltlich.Preis: 16 Euro<b>Inhalt:<\/b><br \/>\nFeministische M\u00e4dchen- und FrauenarbeitWissen, Enttabuisierung, Pr\u00e4vention<br \/>\nDialogisches \u00dcben im Alltag<br \/>\nSelbstwahrnehmung unterst\u00fctzen<br \/>\nTrau dich, du darfst<\/td>\n<td style=\"width: 672.983px;\"><a href=\"http:\/\/www.ag-freizeit.de\/wp-content\/uploads\/2018\/01\/handbuch2.jpg\"><img loading=\"lazy\" decoding=\"async\" class=\"alignleft wp-image-1060 size-medium\" src=\"http:\/\/www.ag-freizeit.de\/wp-content\/uploads\/2018\/01\/handbuch2-209x300.jpg\" alt=\"\" width=\"209\" height=\"300\" srcset=\"https:\/\/www.ag-freizeit.de\/wp-content\/uploads\/2018\/01\/handbuch2-209x300.jpg 209w, https:\/\/www.ag-freizeit.de\/wp-content\/uploads\/2018\/01\/handbuch2.jpg 420w\" sizes=\"auto, (max-width: 209px) 100vw, 209px\" \/><\/a><\/p>\n<p>&nbsp;<\/td>\n<\/tr>\n<tr>\n<td style=\"width: 656px;\"><strong>&#8220;Selbstbehauptungstrainer&#8221; &#8211; f\u00fcr Jungen und M\u00e4nner mit kognitiven Beeintr\u00e4chtigungen<\/strong><\/p>\n<p>Ein Begleitheft zur Fortbildung<\/p>\n<p>Kann nur \u00fcber AG Freizeit e.V. bestellt werden:<\/p>\n<p>AG Freizeit e.V.<br \/>\nAm Erlengraben 12a<br \/>\n35037 Marburg<br \/>\n<a href=\"mailto:info@ag-freizeit.de\">info@ag-freizeit.de<\/a><\/p>\n<p><strong>Inhalt:<br \/>\n<\/strong>Theorie Einf\u00fchrung<br \/>\nGrundlagen zur M\u00e4nnerrunde<br \/>\nGrundwissen und Techniken<br \/>\nSt\u00e4rken und Fordern<br \/>\n\u00dcbungskatalog<\/p>\n<p><strong>\u00a0<\/strong><\/td>\n<td style=\"width: 672.983px;\">\u00a0<a href=\"http:\/\/www.ag-freizeit.de\/wp-content\/uploads\/2018\/01\/ReaderSBM.png\"><img loading=\"lazy\" decoding=\"async\" class=\"alignleft wp-image-1064\" src=\"http:\/\/www.ag-freizeit.de\/wp-content\/uploads\/2018\/01\/ReaderSBM-211x300.png\" alt=\"\" width=\"209\" height=\"298\" srcset=\"https:\/\/www.ag-freizeit.de\/wp-content\/uploads\/2018\/01\/ReaderSBM-211x300.png 211w, https:\/\/www.ag-freizeit.de\/wp-content\/uploads\/2018\/01\/ReaderSBM-768x1094.png 768w, https:\/\/www.ag-freizeit.de\/wp-content\/uploads\/2018\/01\/ReaderSBM-719x1024.png 719w, https:\/\/www.ag-freizeit.de\/wp-content\/uploads\/2018\/01\/ReaderSBM.png 1555w\" sizes=\"auto, (max-width: 209px) 100vw, 209px\" \/><\/a><\/td>\n<\/tr>\n<tr>\n<td style=\"width: 656px;\">\n<div class=\"titel_info_links float_left\">\n<div class=\"titeldetail_autoren\">Gudrun Jecht, Elke Kauka<\/div>\n<h4 class=\"titeldetail\"><strong>&#8220;Spielerisch arbeiten&#8221;\u00a0 &#8211; Transaktionsanalytische Therapie mit Kindern und Jugendlichen<\/strong><\/h4>\n<div class=\"text_list\">Psychotherapeutinnen und Psychotherapeuten aus Italien und Deutschland, denen das Wohl und die gesunde Entwicklung von Kindern und Jugendlichen am Herzen liegen, berichten begeistert von ihrer Arbeit. Alle arbeiten sie mit Methoden und Konzepten der Transaktionsanalyse. An Fallbeispielen demonstrieren die Autorinnen und Autoren ihre transaktionsanalytische Arbeitsweise bei der Diagnostik und Behandlung. Dabei werden unterschiedliche methodische Ans\u00e4tze, pers\u00f6nliche therapeutische Stile und Herangehensweisen sichtbar. Was jedoch alle Beitr\u00e4ge verbindet und immer deutlich wird, ist die Bedeutung des Spiels f\u00fcr eine gesunde Entwicklung.<br \/>\nMit Beitr\u00e4gen von: Cetta Berardo, Eva Br\u00e4uning, Cristina Capoferri, Gudrun Jecht, Elke Kauka, Stefano Morena, Dolores Munari Poda, Ulli Thiersch-Jung und <strong>Angie Zipprich<\/strong>.<\/div>\n<div><\/div>\n<\/div>\n<div><\/div>\n<div>Erschienen am 07.06.2017\u00a0 beim Junfermann Verlag<\/div>\n<div>256 Seiten, kartoniert<\/div>\n<div>Format: 17.0 x 24.0 cm<\/div>\n<div>ISBN: 978-3-95571-632-5<\/div>\n<p><strong>\u00a0<\/strong><\/td>\n<td style=\"width: 672.983px;\"><a href=\"https:\/\/www.ag-freizeit.de\/wp-content\/uploads\/2018\/06\/spielerisch_arbeiten.jpg\"><img loading=\"lazy\" decoding=\"async\" class=\"alignnone wp-image-1337\" src=\"https:\/\/www.ag-freizeit.de\/wp-content\/uploads\/2018\/06\/spielerisch_arbeiten-213x300.jpg\" alt=\"\" width=\"209\" height=\"295\" srcset=\"https:\/\/www.ag-freizeit.de\/wp-content\/uploads\/2018\/06\/spielerisch_arbeiten-213x300.jpg 213w, https:\/\/www.ag-freizeit.de\/wp-content\/uploads\/2018\/06\/spielerisch_arbeiten.jpg 600w\" sizes=\"auto, (max-width: 209px) 100vw, 209px\" \/><\/a><\/td>\n<\/tr>\n<\/tbody>\n<\/table>\n<\/div>\n","protected":false},"excerpt":{"rendered":"<p>Selbstbehauptungstraining f\u00fcr M\u00e4dchen und Frauen mit geistiger Behinderung \u2013 ein Handbuch\u201c Es ist im Buchhandel unter der ISBN 3-930 830-67-1 erh\u00e4ltlich. Preis: 9,50 Euro Inhalt M\u00e4dchen mit geistiger Behinderung \u2013 und Gewalterfahrungen Grundlegendes zum Selbstbehauptungstraining (Ziele, Grunds\u00e4tze\/Standards, Vorgehen) \u00dcbungen Anregungen und Informationen f\u00fcr die Umsetzung von Selbstbehauptungskursen (Was gilt es zu beachten?, Arbeitsmaterialien, Adressen) &nbsp; &#8230; <a title=\"Literatur\" class=\"read-more\" href=\"https:\/\/www.ag-freizeit.de\/?page_id=494\">Weiterlesen &#8230;<\/a><\/p>\n","protected":false},"author":1,"featured_media":0,"parent":471,"menu_order":0,"comment_status":"closed","ping_status":"closed","template":"","meta":{"_bbp_topic_count":0,"_bbp_reply_count":0,"_bbp_total_topic_count":0,"_bbp_total_reply_count":0,"_bbp_voice_count":0,"_bbp_anonymous_reply_count":0,"_bbp_topic_count_hidden":0,"_bbp_reply_count_hidden":0,"_bbp_forum_subforum_count":0,"_cbd_carousel_blocks":"[]","generate_page_header":"","footnotes":""},"class_list":["post-494","page","type-page","status-publish"],"publishpress_future_action":{"enabled":false,"date":"2026-04-24 09:58:31","action":"change-status","newStatus":"draft","terms":[],"taxonomy":"","extraData":[]},"publishpress_future_workflow_manual_trigger":{"enabledWorkflows":[]},"_links":{"self":[{"href":"https:\/\/www.ag-freizeit.de\/index.php?rest_route=\/wp\/v2\/pages\/494","targetHints":{"allow":["GET"]}}],"collection":[{"href":"https:\/\/www.ag-freizeit.de\/index.php?rest_route=\/wp\/v2\/pages"}],"about":[{"href":"https:\/\/www.ag-freizeit.de\/index.php?rest_route=\/wp\/v2\/types\/page"}],"author":[{"embeddable":true,"href":"https:\/\/www.ag-freizeit.de\/index.php?rest_route=\/wp\/v2\/users\/1"}],"replies":[{"embeddable":true,"href":"https:\/\/www.ag-freizeit.de\/index.php?rest_route=%2Fwp%2Fv2%2Fcomments&post=494"}],"version-history":[{"count":19,"href":"https:\/\/www.ag-freizeit.de\/index.php?rest_route=\/wp\/v2\/pages\/494\/revisions"}],"predecessor-version":[{"id":1339,"href":"https:\/\/www.ag-freizeit.de\/index.php?rest_route=\/wp\/v2\/pages\/494\/revisions\/1339"}],"up":[{"embeddable":true,"href":"https:\/\/www.ag-freizeit.de\/index.php?rest_route=\/wp\/v2\/pages\/471"}],"wp:attachment":[{"href":"https:\/\/www.ag-freizeit.de\/index.php?rest_route=%2Fwp%2Fv2%2Fmedia&parent=494"}],"curies":[{"name":"wp","href":"https:\/\/api.w.org\/{rel}","templated":true}]}}