{"id":489,"date":"2017-10-19T08:12:12","date_gmt":"2017-10-19T08:12:12","guid":{"rendered":"http:\/\/test.ag-freizeit.de\/?page_id=489"},"modified":"2025-12-11T12:27:15","modified_gmt":"2025-12-11T11:27:15","slug":"wer-sind-wir","status":"publish","type":"page","link":"https:\/\/www.ag-freizeit.de\/?page_id=489","title":{"rendered":"Wer sind wir?"},"content":{"rendered":"<h3>Verein<\/h3>\n<p><a href=\"http:\/\/www.ag-freizeit.de\">http:\/\/www.ag-freizeit.de<\/a><\/p>\n<table style=\"width: 86.1035%;\">\n<tbody>\n<tr>\n<td style=\"width: 40%;\"><img loading=\"lazy\" decoding=\"async\" class=\"aligncenter wp-image-491\" src=\"http:\/\/test.ag-freizeit.de\/wp-content\/uploads\/2017\/10\/Stopp-Geste.jpg\" alt=\"\" width=\"109\" height=\"200\" \/><\/td>\n<td style=\"width: 10%;\"><\/td>\n<td style=\"width: 39.6782%;\"><img loading=\"lazy\" decoding=\"async\" class=\"wp-image-492 aligncenter\" src=\"http:\/\/test.ag-freizeit.de\/wp-content\/uploads\/2017\/10\/nein.gif\" alt=\"\" width=\"200\" height=\"200\" \/><\/td>\n<\/tr>\n<tr>\n<td style=\"width: 40%;\">\n<h3 style=\"text-align: center;\">Kursleiterinnen f\u00fcr M\u00e4dchen &amp; Frauen<\/h3>\n<p style=\"text-align: center;\">Wir, Angie Zipprich und Regina Nierentz, leiten die Selbstbehauptungskurse. Bis Januar 2008 war Anja Fischer bei der AG Freizeit e. V. hauptamtlich f\u00fcr dieses Projekt angestellt und hat dieses fachlich und inhaltlich entscheidend mitgepr\u00e4gt<\/p>\n<p style=\"text-align: center;\">weitere Mitarbeiterinnen: Paloma, Beate Mira, Alexandra u.v.a.<\/p>\n<\/td>\n<td style=\"width: 10%;\"><\/td>\n<td style=\"width: 39.6782%;\">\n<h3>Kursleiter f\u00fcr Jungen &amp; M\u00e4nner<\/h3>\n<p>Wir, Christian Jorgow, Nico Schmidtke und Sebastian Wernicke leiten die M\u00e4nnerrunde. Bis Juni 2019 wurde der Kurs hauptamtlich von Manuel Will geleitet, welcher den Kurs seit 2009 auf Grundlage des Selbst-behauptungskurses f\u00fcr M\u00e4dchen und Frauen auch f\u00fcr Jungen &amp; M\u00e4nner anbot und den Kurs stetig weiterentwickelte.<\/p>\n<p>weitere Mitarbeiter: Dominik, Yannik, Iuza, David, Nader u.v.a.<\/td>\n<\/tr>\n<\/tbody>\n<\/table>\n<h3><\/h3>\n<p>Es kommen immer so viele mit, dass alle Teilnehmer*innen die Unterst\u00fctzung erhalten, die sie ben\u00f6tigen<\/p>\n<blockquote><p>Dank an Inge Hofmann, welche durch z\u00e4he und konsequente Antragstellung bei \u201eAktion Mensch\u201c und anderswo die Finanzierung der Projekte, sowohl f\u00fcr die M\u00e4dchen und Frauen sowie auch f\u00fcr die Jungen und M\u00e4nner das Training erst m\u00f6glich gemacht hat.<\/p><\/blockquote>\n","protected":false},"excerpt":{"rendered":"<p>Verein http:\/\/www.ag-freizeit.de Kursleiterinnen f\u00fcr M\u00e4dchen &amp; Frauen Wir, Angie Zipprich und Regina Nierentz, leiten die Selbstbehauptungskurse. Bis Januar 2008 war Anja Fischer bei der AG Freizeit e. V. hauptamtlich f\u00fcr dieses Projekt angestellt und hat dieses fachlich und inhaltlich entscheidend mitgepr\u00e4gt weitere Mitarbeiterinnen: Paloma, Beate Mira, Alexandra u.v.a. Kursleiter f\u00fcr Jungen &amp; M\u00e4nner Wir, Christian &#8230; <a title=\"Wer sind wir?\" class=\"read-more\" href=\"https:\/\/www.ag-freizeit.de\/?page_id=489\">Weiterlesen &#8230;<\/a><\/p>\n","protected":false},"author":1,"featured_media":0,"parent":471,"menu_order":0,"comment_status":"closed","ping_status":"closed","template":"","meta":{"_bbp_topic_count":0,"_bbp_reply_count":0,"_bbp_total_topic_count":0,"_bbp_total_reply_count":0,"_bbp_voice_count":0,"_bbp_anonymous_reply_count":0,"_bbp_topic_count_hidden":0,"_bbp_reply_count_hidden":0,"_bbp_forum_subforum_count":0,"_cbd_carousel_blocks":"[]","generate_page_header":"","footnotes":""},"class_list":["post-489","page","type-page","status-publish"],"publishpress_future_action":{"enabled":false,"date":"2026-04-22 23:31:04","action":"change-status","newStatus":"draft","terms":[],"taxonomy":"","extraData":[]},"publishpress_future_workflow_manual_trigger":{"enabledWorkflows":[]},"_links":{"self":[{"href":"https:\/\/www.ag-freizeit.de\/index.php?rest_route=\/wp\/v2\/pages\/489","targetHints":{"allow":["GET"]}}],"collection":[{"href":"https:\/\/www.ag-freizeit.de\/index.php?rest_route=\/wp\/v2\/pages"}],"about":[{"href":"https:\/\/www.ag-freizeit.de\/index.php?rest_route=\/wp\/v2\/types\/page"}],"author":[{"embeddable":true,"href":"https:\/\/www.ag-freizeit.de\/index.php?rest_route=\/wp\/v2\/users\/1"}],"replies":[{"embeddable":true,"href":"https:\/\/www.ag-freizeit.de\/index.php?rest_route=%2Fwp%2Fv2%2Fcomments&post=489"}],"version-history":[{"count":13,"href":"https:\/\/www.ag-freizeit.de\/index.php?rest_route=\/wp\/v2\/pages\/489\/revisions"}],"predecessor-version":[{"id":291292,"href":"https:\/\/www.ag-freizeit.de\/index.php?rest_route=\/wp\/v2\/pages\/489\/revisions\/291292"}],"up":[{"embeddable":true,"href":"https:\/\/www.ag-freizeit.de\/index.php?rest_route=\/wp\/v2\/pages\/471"}],"wp:attachment":[{"href":"https:\/\/www.ag-freizeit.de\/index.php?rest_route=%2Fwp%2Fv2%2Fmedia&parent=489"}],"curies":[{"name":"wp","href":"https:\/\/api.w.org\/{rel}","templated":true}]}}