{"id":483,"date":"2017-10-19T08:07:09","date_gmt":"2017-10-19T08:07:09","guid":{"rendered":"http:\/\/test.ag-freizeit.de\/?page_id=483"},"modified":"2017-12-21T09:55:42","modified_gmt":"2017-12-21T09:55:42","slug":"fortbildungen","status":"publish","type":"page","link":"https:\/\/www.ag-freizeit.de\/?page_id=483","title":{"rendered":"Fortbildungen"},"content":{"rendered":"<p><strong>folgende Fortbildungsm\u00f6glichkeiten bieten wir an:<\/strong><\/p>\n<p>&nbsp;<\/p>\n<p>&nbsp;<\/p>\n<ul>\n<li>St\u00e4rkende Arbeit f\u00fcr M\u00e4dchen und Frauen mit kognitiver Beeintr\u00e4chtigung im Alltag<\/li>\n<\/ul>\n<p>&nbsp;<\/p>\n<ul>\n<li>Selbstbehauptungstrainer f\u00fcr Jungen und M\u00e4nner mit kognitiven Beeintr\u00e4chtigungen<\/li>\n<\/ul>\n<p>&nbsp;<\/p>\n<ul>\n<li>Herausforderndes Verhalten<\/li>\n<\/ul>\n<p>&nbsp;<\/p>\n<ul>\n<li>u.a.<\/li>\n<\/ul>\n<p>&nbsp;<\/p>\n","protected":false},"excerpt":{"rendered":"<p>folgende Fortbildungsm\u00f6glichkeiten bieten wir an: &nbsp; &nbsp; St\u00e4rkende Arbeit f\u00fcr M\u00e4dchen und Frauen mit kognitiver Beeintr\u00e4chtigung im Alltag &nbsp; Selbstbehauptungstrainer f\u00fcr Jungen und M\u00e4nner mit kognitiven Beeintr\u00e4chtigungen &nbsp; Herausforderndes Verhalten &nbsp; u.a. &nbsp;<\/p>\n","protected":false},"author":1,"featured_media":0,"parent":477,"menu_order":0,"comment_status":"closed","ping_status":"closed","template":"","meta":{"_bbp_topic_count":0,"_bbp_reply_count":0,"_bbp_total_topic_count":0,"_bbp_total_reply_count":0,"_bbp_voice_count":0,"_bbp_anonymous_reply_count":0,"_bbp_topic_count_hidden":0,"_bbp_reply_count_hidden":0,"_bbp_forum_subforum_count":0,"_cbd_carousel_blocks":"[]","generate_page_header":"","footnotes":""},"class_list":["post-483","page","type-page","status-publish"],"publishpress_future_action":{"enabled":false,"date":"2026-04-22 22:17:18","action":"change-status","newStatus":"draft","terms":[],"taxonomy":"","extraData":[]},"publishpress_future_workflow_manual_trigger":{"enabledWorkflows":[]},"_links":{"self":[{"href":"https:\/\/www.ag-freizeit.de\/index.php?rest_route=\/wp\/v2\/pages\/483","targetHints":{"allow":["GET"]}}],"collection":[{"href":"https:\/\/www.ag-freizeit.de\/index.php?rest_route=\/wp\/v2\/pages"}],"about":[{"href":"https:\/\/www.ag-freizeit.de\/index.php?rest_route=\/wp\/v2\/types\/page"}],"author":[{"embeddable":true,"href":"https:\/\/www.ag-freizeit.de\/index.php?rest_route=\/wp\/v2\/users\/1"}],"replies":[{"embeddable":true,"href":"https:\/\/www.ag-freizeit.de\/index.php?rest_route=%2Fwp%2Fv2%2Fcomments&post=483"}],"version-history":[{"count":5,"href":"https:\/\/www.ag-freizeit.de\/index.php?rest_route=\/wp\/v2\/pages\/483\/revisions"}],"predecessor-version":[{"id":862,"href":"https:\/\/www.ag-freizeit.de\/index.php?rest_route=\/wp\/v2\/pages\/483\/revisions\/862"}],"up":[{"embeddable":true,"href":"https:\/\/www.ag-freizeit.de\/index.php?rest_route=\/wp\/v2\/pages\/477"}],"wp:attachment":[{"href":"https:\/\/www.ag-freizeit.de\/index.php?rest_route=%2Fwp%2Fv2%2Fmedia&parent=483"}],"curies":[{"name":"wp","href":"https:\/\/api.w.org\/{rel}","templated":true}]}}