{"id":481,"date":"2017-10-19T08:06:37","date_gmt":"2017-10-19T08:06:37","guid":{"rendered":"http:\/\/test.ag-freizeit.de\/?page_id=481"},"modified":"2018-01-24T10:58:33","modified_gmt":"2018-01-24T10:58:33","slug":"maedchen-frauen","status":"publish","type":"page","link":"https:\/\/www.ag-freizeit.de\/?page_id=481","title":{"rendered":"Inhalte"},"content":{"rendered":"<ul>\n<li>Spiele zum Kennenlernen und Auflockern\/Aufw\u00e4rmen<\/li>\n<li>Wahrnehmungs\u00fcbungen: Meine Gef\u00fchle sagen mir, was richtig ist.\/Ich mag mich, wie ich bin.\/Ich bin stark.<\/li>\n<li>JA\/NEIN-\u00dcbungen: Ich mache deutlich, was ich will und was ich nicht will.<\/li>\n<li>STOPP\u2013\u00dcbungen: Ich wehre mich.<\/li>\n<li>HILFE-\u00dcbungen (Ich hole mir Unterst\u00fctzung.)<\/li>\n<li>Atem-, Stimm-, Entspannungs-, Bewegungs\u00fcbungen<\/li>\n<li>Rollenspiele<\/li>\n<li>Antiagressions\u00fcbungen<\/li>\n<\/ul>\n","protected":false},"excerpt":{"rendered":"<p>Spiele zum Kennenlernen und Auflockern\/Aufw\u00e4rmen Wahrnehmungs\u00fcbungen: Meine Gef\u00fchle sagen mir, was richtig ist.\/Ich mag mich, wie ich bin.\/Ich bin stark. JA\/NEIN-\u00dcbungen: Ich mache deutlich, was ich will und was ich nicht will. STOPP\u2013\u00dcbungen: Ich wehre mich. HILFE-\u00dcbungen (Ich hole mir Unterst\u00fctzung.) Atem-, Stimm-, Entspannungs-, Bewegungs\u00fcbungen Rollenspiele Antiagressions\u00fcbungen<\/p>\n","protected":false},"author":1,"featured_media":0,"parent":477,"menu_order":0,"comment_status":"closed","ping_status":"closed","template":"","meta":{"_bbp_topic_count":0,"_bbp_reply_count":0,"_bbp_total_topic_count":0,"_bbp_total_reply_count":0,"_bbp_voice_count":0,"_bbp_anonymous_reply_count":0,"_bbp_topic_count_hidden":0,"_bbp_reply_count_hidden":0,"_bbp_forum_subforum_count":0,"_cbd_carousel_blocks":"[]","generate_page_header":"","footnotes":""},"class_list":["post-481","page","type-page","status-publish"],"publishpress_future_action":{"enabled":false,"date":"2026-04-28 10:16:37","action":"change-status","newStatus":"draft","terms":[],"taxonomy":"","extraData":[]},"publishpress_future_workflow_manual_trigger":{"enabledWorkflows":[]},"_links":{"self":[{"href":"https:\/\/www.ag-freizeit.de\/index.php?rest_route=\/wp\/v2\/pages\/481","targetHints":{"allow":["GET"]}}],"collection":[{"href":"https:\/\/www.ag-freizeit.de\/index.php?rest_route=\/wp\/v2\/pages"}],"about":[{"href":"https:\/\/www.ag-freizeit.de\/index.php?rest_route=\/wp\/v2\/types\/page"}],"author":[{"embeddable":true,"href":"https:\/\/www.ag-freizeit.de\/index.php?rest_route=\/wp\/v2\/users\/1"}],"replies":[{"embeddable":true,"href":"https:\/\/www.ag-freizeit.de\/index.php?rest_route=%2Fwp%2Fv2%2Fcomments&post=481"}],"version-history":[{"count":4,"href":"https:\/\/www.ag-freizeit.de\/index.php?rest_route=\/wp\/v2\/pages\/481\/revisions"}],"predecessor-version":[{"id":1001,"href":"https:\/\/www.ag-freizeit.de\/index.php?rest_route=\/wp\/v2\/pages\/481\/revisions\/1001"}],"up":[{"embeddable":true,"href":"https:\/\/www.ag-freizeit.de\/index.php?rest_route=\/wp\/v2\/pages\/477"}],"wp:attachment":[{"href":"https:\/\/www.ag-freizeit.de\/index.php?rest_route=%2Fwp%2Fv2%2Fmedia&parent=481"}],"curies":[{"name":"wp","href":"https:\/\/api.w.org\/{rel}","templated":true}]}}