{"id":477,"date":"2017-10-19T08:04:30","date_gmt":"2017-10-19T08:04:30","guid":{"rendered":"http:\/\/test.ag-freizeit.de\/?page_id=477"},"modified":"2026-01-08T11:29:17","modified_gmt":"2026-01-08T10:29:17","slug":"kurse","status":"publish","type":"page","link":"https:\/\/www.ag-freizeit.de\/?page_id=477","title":{"rendered":"Kurse"},"content":{"rendered":"<h2>Inhalte<\/h2>\n<ul class=\"content\">\n<li class=\"content\">Spiele zum Kennenlernen und Auflockern\/Aufw\u00e4rmen<\/li>\n<li class=\"content\">Wahrnehmungs\u00fcbungen: Meine Gef\u00fchle sagen mir, was richtig ist.\/Ich mag mich, wie ich bin.\/Ich bin stark.<\/li>\n<li class=\"content\">JA\/NEIN-\u00dcbungen: Ich mache deutlich, was ich will und was ich nicht will.<\/li>\n<li class=\"content\">STOPP\u2013\u00dcbungen: Ich wehre mich.<\/li>\n<li class=\"content\">HILFE-\u00dcbungen (Ich hole mir Unterst\u00fctzung.)<\/li>\n<li class=\"content\">Atem-, Stimm-, Entspannungs-, Bewegungs\u00fcbungen<\/li>\n<\/ul>\n<h2><a name=\"3080569f3b0cb373a\"><\/a>Art und Weise der Durchf\u00fchrung<\/h2>\n<p>Das Wesentliche und Besondere an unseren Kursen ist die Ausrichtung auf TeilnehmerInnen mit &#8220;kognitiven Beeintr\u00e4chtigungen&#8221;. Diese Ausrichtung ist dadurch gekennzeichnet, dass wir den einzelnen \u00dcbungen viel Zeit einr\u00e4umen, dass wir mit Wiederholungen arbeiten, dass die \u00dcbungen wenig Abstraktes beinhalten \u2013 nach dem Motto &#8220;konkret und greifbar&#8221;. Daf\u00fcr haben wir zum Teil herk\u00f6mmliche Selbstbehauptungs-\u00dcbungen umgewandelt oder auch neue \u00dcbungen konzipiert.<\/p>\n<p>gesch\u00fctzter Rahmen (geschlechtsspezifisches Angebot)<br \/>\nPrinzip Freiwilligkeit<br \/>\nJede\/r nach ihrer\/seiner Zeit und ihren\/seinen M\u00f6glichkeiten<\/p>\n<p>Von niedrigem zu sehr hohem Level<br \/>\nWiederholungen<br \/>\nAblauf von \u00dcbungen: Vorf\u00fchren, Anleiten, Begleiten, Reflexion<\/p>\n<p>Die TeilnehmerInnen da abholen, wo sie sich momentan befinden<br \/>\nInhalte erlebbar machen<br \/>\nOffene Situationen erm\u00f6glichen und nutzen<br \/>\nAnpassung von \u00dcbungen an individuelle Voraussetzungen<\/p>\n<h2><a name=\"3080569f3b0cb8a3b\"><\/a>Wochenend-Workshops<\/h2>\n<p>Wir bieten Wochenend-Workshops an. Die Gruppe verbringt das Wochenende gemeinsam. (Termine und Ausschreibungen unter <a href=\"https:\/\/www.ag-freizeit.de\/?page_id=479\">Termine<\/a>)<\/p>\n<h2><a name=\"3080569f3b0cbc43d\"><\/a>Kurse in Ihrem Hause<\/h2>\n<p>Sie k\u00f6nnen uns auch buchen f\u00fcr einen Kurs in Ihrer Einrichtung, Ihrer Schule etc., um einen Selbstbehauptungskurs in Ihrem Hause durchzuf\u00fchren!<\/p>\n<p>z.B. Kompaktkurs = 2 Einheiten \u00e1 8 Stunden an zwei aufeinander folgenden Tagen (Montag\/Dienstag)<\/p>\n<p>z.B. fortlaufender Kurs = 6 Einheiten \u00e1 3-4 Stunden vormittags \u00fcber 3 oder 6 Wochen<\/p>\n<p><b><br \/>\nTeilnehmer*innen<\/b><\/p>\n<p>Der Kurs richtet sich ausschlie\u00dflich an M\u00e4dchen und Frauen oder Jungen und M\u00e4nner (geschlechtsspezifisches Angebot).<br \/>\nDie TeilnehmerInnen sollten freiwillig an diesem Angebot teilnehmen!<br \/>\nDie minimale Anzahl an TeilnehmerInnen betr\u00e4gt 6, die maximale 10.<br \/>\nWir ben\u00f6tigen im Voraus noch Informationen \u00fcber allgemeine (z.B. genaue Anzahl, Alter) und spezielle Voraussetzungen (z.B. Sehbehinderung) und Unterst\u00fctzungsbedarfe der TeilnehmerInnen, um unser Programm darauf abstimmen zu k\u00f6nnen.<\/p>\n<p>Im Zusammenhang mit unserem Selbstbehauptungstraining werden wir immer wieder nach Voraussetzungen von TeilnehmerInnen gefragt \u2013 Was ist, wenn jemand nicht spricht oder was ist, wenn jemand nur sehr langsam oder eingeschr\u00e4nkt Sprache versteht; kann die betreffende Person dann auch teilnehmen? Die Antwort lautet \u201eJA selbstverst\u00e4ndlich!\u201c. Unsere Arbeitsweise orientiert sich an den jeweiligen Voraussetzungen der TeilnehmerInnen, nicht umgekehrt!<\/p>\n<p>Bez\u00fcglich der Art der Teilnahme ist uns wichtig zu erw\u00e4hnen, dass jede\/r TeilnehmerIn stets selbst entscheidet, wann und auf welche Weise er\/sie sich einbringt. Schlie\u00dflich sollen die Workshops bei allem Lernen und \u00dcben in erster Linie Spa\u00df machen.<\/p>\n<p><b>R\u00e4umlichkeiten\/Materialien<\/b><\/p>\n<p>Als \u00dcbungsraum brauchen wir einen m\u00f6glichst gro\u00dfen Raum(f\u00fcr Bewegungs- und Ballspiele geeignet)<br \/>\nDer Raum sollte hell, gut heizbar sowie zu den \u00dcbungszeiten weitgehend l\u00e4rm- sowie st\u00f6rungsfrei (kein Durchgangsverkehr seitens HausmeisterInnen, Reinigungskr\u00e4fte etc.) sein.<br \/>\nBeachten Sie in jedem Fall aber, dass unser Kurs sehr laut werden kann! (damit wir niemand anderen st\u00f6ren)<br \/>\nWir brauchen den \u00dcbungsraum je 1\/4 Stunde vor Beginn sowie nach Beendigung des Kurses, um ihn geeignet vorzubereiten bzw. aufzur\u00e4umen.<\/p>\n<p><b>Preise <\/b>2026<br \/>\nKurs 4 x 4 oder 2 x 8 Stunden<\/p>\n<p>Kosten f\u00fcr Kurs mit 2 Trainer*innen incl.<br \/>\nVorbesprechung, Vor-, Nachbereitung, Materialkosten \u20ac 1.950,&#8211;<\/p>\n<p>Plus Anfahrtspauschale<\/p>\n","protected":false},"excerpt":{"rendered":"<p>Inhalte Spiele zum Kennenlernen und Auflockern\/Aufw\u00e4rmen Wahrnehmungs\u00fcbungen: Meine Gef\u00fchle sagen mir, was richtig ist.\/Ich mag mich, wie ich bin.\/Ich bin stark. JA\/NEIN-\u00dcbungen: Ich mache deutlich, was ich will und was ich nicht will. STOPP\u2013\u00dcbungen: Ich wehre mich. HILFE-\u00dcbungen (Ich hole mir Unterst\u00fctzung.) Atem-, Stimm-, Entspannungs-, Bewegungs\u00fcbungen Art und Weise der Durchf\u00fchrung Das Wesentliche und Besondere &#8230; <a title=\"Kurse\" class=\"read-more\" href=\"https:\/\/www.ag-freizeit.de\/?page_id=477\">Weiterlesen &#8230;<\/a><\/p>\n","protected":false},"author":1,"featured_media":0,"parent":471,"menu_order":0,"comment_status":"closed","ping_status":"closed","template":"","meta":{"_bbp_topic_count":0,"_bbp_reply_count":0,"_bbp_total_topic_count":0,"_bbp_total_reply_count":0,"_bbp_voice_count":0,"_bbp_anonymous_reply_count":0,"_bbp_topic_count_hidden":0,"_bbp_reply_count_hidden":0,"_bbp_forum_subforum_count":0,"_cbd_carousel_blocks":"[]","generate_page_header":"","footnotes":""},"class_list":["post-477","page","type-page","status-publish"],"publishpress_future_action":{"enabled":false,"date":"2026-04-24 10:13:47","action":"change-status","newStatus":"draft","terms":[],"taxonomy":"","extraData":[]},"publishpress_future_workflow_manual_trigger":{"enabledWorkflows":[]},"_links":{"self":[{"href":"https:\/\/www.ag-freizeit.de\/index.php?rest_route=\/wp\/v2\/pages\/477","targetHints":{"allow":["GET"]}}],"collection":[{"href":"https:\/\/www.ag-freizeit.de\/index.php?rest_route=\/wp\/v2\/pages"}],"about":[{"href":"https:\/\/www.ag-freizeit.de\/index.php?rest_route=\/wp\/v2\/types\/page"}],"author":[{"embeddable":true,"href":"https:\/\/www.ag-freizeit.de\/index.php?rest_route=\/wp\/v2\/users\/1"}],"replies":[{"embeddable":true,"href":"https:\/\/www.ag-freizeit.de\/index.php?rest_route=%2Fwp%2Fv2%2Fcomments&post=477"}],"version-history":[{"count":16,"href":"https:\/\/www.ag-freizeit.de\/index.php?rest_route=\/wp\/v2\/pages\/477\/revisions"}],"predecessor-version":[{"id":291354,"href":"https:\/\/www.ag-freizeit.de\/index.php?rest_route=\/wp\/v2\/pages\/477\/revisions\/291354"}],"up":[{"embeddable":true,"href":"https:\/\/www.ag-freizeit.de\/index.php?rest_route=\/wp\/v2\/pages\/471"}],"wp:attachment":[{"href":"https:\/\/www.ag-freizeit.de\/index.php?rest_route=%2Fwp%2Fv2%2Fmedia&parent=477"}],"curies":[{"name":"wp","href":"https:\/\/api.w.org\/{rel}","templated":true}]}}