{"id":105,"date":"2016-05-25T09:29:50","date_gmt":"2016-05-25T07:29:50","guid":{"rendered":"http:\/\/test.ag-freizeit.de\/?page_id=105"},"modified":"2026-03-02T11:36:23","modified_gmt":"2026-03-02T10:36:23","slug":"freizeiten","status":"publish","type":"page","link":"https:\/\/www.ag-freizeit.de\/?page_id=105","title":{"rendered":"Freizeiten"},"content":{"rendered":"\n<p>Ab 2026 gibt es Ver\u00e4nderungen gegen\u00fcber den Vorjahren:<br>Wegen gesetzlicher \u00c4nderungen bekommt die AG Freizeit e.V. nicht mehr wie bisher pauschale Zusch\u00fcsse, sondern die Leistungen m\u00fcssen \u00fcber Eingliederungshilfe und\/oder Pflegekassen finanziert werden. Deshalb m\u00fcssen die Preise f\u00fcr Freizeiten ver\u00e4ndert werden.<br>Die bisherige, gewohnte Qualit\u00e4t der Freizeiten und Reisen soll erhalten bleiben. Wir m\u00f6chten weiterhin verl\u00e4ssliche, individuelle Unterst\u00fctzung f\u00fcr alle Teilnehmerinnen gew\u00e4hrleisten. Weiterhin werden vor Ort t\u00e4glich verschiedene Ausfl\u00fcge zur Auswahl angeboten und zus\u00e4tzlich gibt es Raum f\u00fcr verschiedene Interessen und individuelle W\u00fcnsche. Hierf\u00fcr m\u00f6chten wir weiterhin einen hohen Mitarbeiter*innen-Schl\u00fcssel vorhalten.<\/p>\n<p>Zust\u00e4ndige Kostentr\u00e4ger f\u00fcr Eingliederungshilfe in Hessen sind:<br>-bis zum Ende des Schulbesuchs (und im Rentenalter) &#8211; der Landkreis des eigenen Wohnortes<br>-ab dem Ende des Schulbesuches &#8211; der Landeswohlfahrtsverband Hessen<\/p>\n<p>Alternativ k\u00f6nnen die Kosten f\u00fcr eine Freizeit wie bisher \u00fcber die Pflegekasse (Verhinderungspflege und Entlastungsbetrag) erstattet werden, wenn ein pers\u00f6nlicher Anspruch auf diese Leistungen besteht.<\/p>\n<p>F\u00fcr Fragen, Ausk\u00fcnfte und Informationen \u00fcber die Freizeiten und Reisen, \u00fcber die Gew\u00e4hrleistung von individuelle erforderlichen Hilfen und \u00fcber Finanzierungsm\u00f6glichkeiten stehen wir gern zur Verf\u00fcgung.<br>Einfach bei uns melden!<br>AG Freizeit e.V.<br>06421\/1696760<br>info@ag-freizeit.de<\/p>\n\n\n<table class=\"content\" style=\"width: 95.9995%; height: 287px;\" cellspacing=\"0\">\n<tbody>\n<tr class=\"row\" style=\"height: 72px;\">\n<td class=\"cell\" style=\"height: 72px; width: 18.9333%;\" align=\"left\" valign=\"top\">28.03. &#8211; 02.04.2026<\/td>\n<td class=\"cell\" style=\"height: 72px; width: 50.0093%;\" align=\"left\" valign=\"top\"><b>Osterfreizeit <\/b>\n<p>Schullandheim Zeulenroda<\/p>\n<p>Th\u00fcringen<\/p>\n<\/td>\n<td class=\"cell\" style=\"height: 72px; width: 30.924%;\" align=\"left\" valign=\"top\">\n<p>Reisepreis:\u00a0<br \/>370,- \u20ac Reisekosten<br \/>+ Unterst\u00fctzungspaket (s.u.)<br \/>A: 699,- \u20ac\u00a0 \u00a0 \u00a0 \u00a0 \u00a0B: 899,- \u20ac<br \/>C: 1.040,- \u20ac\u00a0 \u00a0 \u00a0 D: 1,350,- \u20ac<\/p>\n<p><a href=\"https:\/\/www.ag-freizeit.de\/wp-content\/uploads\/2025\/11\/AusschreibungOsterfreizeit-26.pdf\">Ausschreibung<\/a><\/p>\n<\/td>\n<\/tr>\n<tr class=\"row\" style=\"height: 48px;\">\n<td class=\"cell\" style=\"height: 95px; width: 18.9333%;\" align=\"left\" valign=\"top\">14.05. &#8211; 17.05.2026<\/td>\n<td class=\"cell\" style=\"width: 50.0093%; height: 95px;\" align=\"left\" valign=\"top\">\n<p><b>Wanderfreizeit<\/b><\/p>\n<p>Heinrich-Schr\u00f6der-Haus, Naumburg-Altenst\u00e4dt<\/p>\n<p>im Habichtswald<\/p>\n<\/td>\n<td class=\"cell\" style=\"width: 30.924%; height: 95px;\" align=\"left\" valign=\"top\">\n<p>Reisepreis:\u00a0<br \/>159,- \u20ac Reisekosten<br \/>+ Unterst\u00fctzungspaket (s.u.)<br \/>&#8211; wegen der individuellen Begleitung bei den Wanderungen nur eine Stufe &#8211; 1.039,- \u20ac<\/p>\n<p><a href=\"https:\/\/www.ag-freizeit.de\/wp-content\/uploads\/2025\/11\/AusschreibungWanderfreizeit-26.pdf\">Ausschreibung<\/a><\/p>\n<\/td>\n<\/tr>\n<tr class=\"row\" style=\"height: 72px;\">\n<td class=\"cell\" style=\"height: 72px; width: 18.9333%;\" align=\"left\" valign=\"top\">27.07. &#8211; 06.08.2026<\/td>\n<td class=\"cell\" style=\"height: 72px; width: 50.0093%;\" align=\"left\" valign=\"top\"><b>Sommerfreizeit<\/b>\n<p>Tagungshaus Jugendheim Lichtensee, Hoisdorf<\/p>\n<p>Schleswig-Holstein<\/p>\n<\/td>\n<td class=\"cell\" style=\"height: 72px; width: 30.924%;\" align=\"left\" valign=\"top\">\n<p>Reisepreis: <br \/>795,- \u20ac Reisekosten<br \/>+ Unterst\u00fctzungspaket (s.u.)<br \/>A: 1.370,- \u20ac\u00a0 \u00a0 \u00a0 B: 1.840,- \u20ac<br \/>C: 2.150,- \u20ac\u00a0 \u00a0 \u00a0 D: 2.775,- \u20ac<\/p>\n<p><a href=\"https:\/\/www.ag-freizeit.de\/wp-content\/uploads\/2026\/03\/AusschreibungSommerfreizeit-26.pdf\" target=\"_blank\" rel=\"noopener\">Ausschreibung<\/a><\/p>\n<\/td>\n<\/tr>\n<tr class=\"row\" style=\"height: 48px;\">\n<td class=\"cell\" style=\"height: 48px; width: 18.9333%;\" align=\"left\" valign=\"top\">05.10. &#8211; 10.10.2025<\/td>\n<td class=\"cell\" style=\"height: 48px; width: 50.0093%;\" align=\"left\" valign=\"top\"><b>Herbstfreizeit<\/b>\n<p>Tagungshaus Winterrade<\/p>\n<p>Schleswig-Holstein<\/p>\n<\/td>\n<td class=\"cell\" style=\"height: 48px; width: 30.924%;\" align=\"left\" valign=\"top\">\n<p>Reisepreis: <br \/>385,- \u20ac Reisekosten<br \/>+ Unterst\u00fctzungspaket (s.u.)<br \/>A: 825,- \u20ac\u00a0 \u00a0 \u00a0 \u00a0 \u00a0B: 1.100,- \u20ac<br \/>C: 1.285,- \u20ac\u00a0 \u00a0 \u00a0 D: 1.650,- \u20ac<\/p>\n<p><a href=\"https:\/\/www.ag-freizeit.de\/wp-content\/uploads\/2026\/03\/AusschreibungHerbstfreizeit-26.pdf\" target=\"_blank\" rel=\"noopener\">Ausschreibung<\/a><\/p>\n<\/td>\n<\/tr>\n<\/tbody>\n<\/table>\n<p><b>Wichtige Hinweise<br \/><\/b>zur Anmeldung und Teilnahme bei Freizeiten:<\/p>\n<p>* bitte immer schriftlich anmelden<br \/>* bitte die Anmeldefristen beachten und einhalten<br \/>* nach Ablauf der Anmeldefrist erfolgt eine schriftliche Teilnahmebest\u00e4tigung<\/p>\n<p><b>Reisepreis:<br \/><\/b><strong>*Reisekosten<\/strong><br \/>\u00a0 In den Reisekosten sind Fahrt, Unterkunft und Verpflegung enthalten.<br \/><strong>* Unterst\u00fctzungspaket<br \/><\/strong><strong>\u00a0 \u00a0Stufe A: <\/strong>leichte und vereinzelte Unterst\u00fctzung<br \/><strong>\u00a0 \u00a0Stufe B: <\/strong>teilweise Hilfestellung oder Unterst\u00fctzung<strong><br \/>\u00a0 \u00a0Stufe C: <\/strong>h\u00e4ufige Hilfestellung, Anleitung oder Unterst\u00fctzung, z.B. bei Pflege, Kommunikation oder <br \/>\u00a0 \u00a0Regulierung von Emotionen<strong><br \/>\u00a0 \u00a0Stufe D: <\/strong>vollst\u00e4ndige Unterst\u00fctzung oder \u00dcbernahme, z.B. bei der Pflege, beim Essen, bei der Kommunikation,<br \/>\u00a0 \u00a0st\u00e4ndige Begleitung, Anwesenheit.<br \/>&#8211;&gt; In allen Stufen ist ein Grundbetrag f\u00fcr t\u00e4gliche Ausfl\u00fcge (mehrere zur Auswahl), Abendaktivit\u00e4ten, Begleitung am Urlaubsort enthalten.<\/p>\n<p><strong>Finanzierungsm\u00f6glichkeiten:<\/strong><br \/>* Beim LWV auf Antrag \u00fcber Eingliederungshilfe<br \/>\u00a0 \u00a0(Reisekosten bleiben als Eigenanteil selbst zu bezahlen)<br \/>* \u00fcber die Pflegekasse:\u00a0<br \/>\u00a0 \u00a0 Verhinderungspflege und\/oder<br \/>\u00a0 \u00a0 Entlastungsbetrag (dieser kann auch f\u00fcr die o.g. Reisekosten, also Unterkunft und Verpflegung <br \/>\u00a0 \u00a0 eingesetzt werden)<br \/>* f\u00fcr Ausk\u00fcnfte und Informationen \u00fcber die Freizeiten und Reisen, \u00fcber die Gew\u00e4hrleistung von <br \/>\u00a0 \u00a0inidividuell erforderlichen Hilfen etc. stehen wir gern zur Verf\u00fcgung. Einfach bei uns melden!<\/p>\n<p><strong>R\u00fccktrittsbedingungen:<\/strong><\/p>\n<p>* bei R\u00fccktritt von der Reise nach Anmeldeschluss ist generell eine Ausfallgeb\u00fchr von \u20ac 50,- zu zahlen,<br \/>* bei R\u00fccktritt von der Reise ab dem 30. Tag vor Reisebeginn ist eine Ausfallgeb\u00fchr von 40 % des <br \/>\u00a0 \u00a0Teilnahmebeitrages zu zahlen<br \/>* bei R\u00fccktritt von der Reise ab dem 10. Tag vor Reisebeginn ist dennoch der volle Teilnahmebeitrag zu zahlen<br \/>* bitte pr\u00fcfen Sie den Abschluss einer Reiser\u00fccktrittsversicherung.<\/p>\n\n","protected":false},"excerpt":{"rendered":"<p>Ab 2026 gibt es Ver\u00e4nderungen gegen\u00fcber den Vorjahren:Wegen gesetzlicher \u00c4nderungen bekommt die AG Freizeit e.V. nicht mehr wie bisher pauschale Zusch\u00fcsse, sondern die Leistungen m\u00fcssen \u00fcber Eingliederungshilfe und\/oder Pflegekassen finanziert werden. Deshalb m\u00fcssen die Preise f\u00fcr Freizeiten ver\u00e4ndert werden.Die bisherige, gewohnte Qualit\u00e4t der Freizeiten und Reisen soll erhalten bleiben. Wir m\u00f6chten weiterhin verl\u00e4ssliche, individuelle Unterst\u00fctzung &#8230; <a title=\"Freizeiten\" class=\"read-more\" href=\"https:\/\/www.ag-freizeit.de\/?page_id=105\">Weiterlesen &#8230;<\/a><\/p>\n","protected":false},"author":1,"featured_media":0,"parent":21,"menu_order":10,"comment_status":"closed","ping_status":"closed","template":"","meta":{"_bbp_topic_count":0,"_bbp_reply_count":0,"_bbp_total_topic_count":0,"_bbp_total_reply_count":0,"_bbp_voice_count":0,"_bbp_anonymous_reply_count":0,"_bbp_topic_count_hidden":0,"_bbp_reply_count_hidden":0,"_bbp_forum_subforum_count":0,"_cbd_carousel_blocks":"[]","generate_page_header":"","footnotes":""},"class_list":["post-105","page","type-page","status-publish"],"publishpress_future_action":{"enabled":false,"date":"2026-04-22 23:36:18","action":"change-status","newStatus":"draft","terms":[],"taxonomy":"","extraData":[]},"publishpress_future_workflow_manual_trigger":{"enabledWorkflows":[]},"_links":{"self":[{"href":"https:\/\/www.ag-freizeit.de\/index.php?rest_route=\/wp\/v2\/pages\/105","targetHints":{"allow":["GET"]}}],"collection":[{"href":"https:\/\/www.ag-freizeit.de\/index.php?rest_route=\/wp\/v2\/pages"}],"about":[{"href":"https:\/\/www.ag-freizeit.de\/index.php?rest_route=\/wp\/v2\/types\/page"}],"author":[{"embeddable":true,"href":"https:\/\/www.ag-freizeit.de\/index.php?rest_route=\/wp\/v2\/users\/1"}],"replies":[{"embeddable":true,"href":"https:\/\/www.ag-freizeit.de\/index.php?rest_route=%2Fwp%2Fv2%2Fcomments&post=105"}],"version-history":[{"count":36,"href":"https:\/\/www.ag-freizeit.de\/index.php?rest_route=\/wp\/v2\/pages\/105\/revisions"}],"predecessor-version":[{"id":291478,"href":"https:\/\/www.ag-freizeit.de\/index.php?rest_route=\/wp\/v2\/pages\/105\/revisions\/291478"}],"up":[{"embeddable":true,"href":"https:\/\/www.ag-freizeit.de\/index.php?rest_route=\/wp\/v2\/pages\/21"}],"wp:attachment":[{"href":"https:\/\/www.ag-freizeit.de\/index.php?rest_route=%2Fwp%2Fv2%2Fmedia&parent=105"}],"curies":[{"name":"wp","href":"https:\/\/api.w.org\/{rel}","templated":true}]}}