{"id":103,"date":"2016-05-25T09:29:32","date_gmt":"2016-05-25T09:29:32","guid":{"rendered":"http:\/\/test.ag-freizeit.de\/?page_id=103"},"modified":"2026-03-27T13:29:56","modified_gmt":"2026-03-27T12:29:56","slug":"kultur-natur","status":"publish","type":"page","link":"https:\/\/www.ag-freizeit.de\/?page_id=103","title":{"rendered":"Kultur &#038; Natur"},"content":{"rendered":"<p>Unter dem Motto Kultur &amp; Natur werden jedes Jahr ca. 20 Tagesfahrten zu besonderen Ereignissen, Veranstaltungen, Orten&#8230; (z.B. zum Eislaufen, zu Mittelalterm\u00e4rkten, zu Konzerten, in Freizeitparks usw.) angeboten.<\/p>\n<p><b>Neu f\u00fcr 2026<\/b><b>: Die Teilnahmepreise teilen sich auf in Unterst\u00fctzungskosten und Sachkosten:<\/b><\/p>\n<ol>\n<li><b>f\u00fcr <\/b><b>regelm\u00e4\u00dfige Besucher*innen<\/b><b> des Nachmittagscaf\u00e9s, die einen Antrag beim LWV gestellt haben, sind die Unterst\u00fctzungskosten schon im Hilfeplan PiT beim LWV mitbeantragt.<br \/>\n(f\u00fcr jede*n etwa so viele Extra-Angebote wie im letzten Jahr)<br \/>\nDie Sachkosten \u00fcbernimmt der LWV nicht.<\/b><\/li>\n<li><b>F\u00fcr <\/b><b>diejenigen, die keinen Antrag beim LWV <\/b><b>f\u00fcr die Nutzung der AG Freizeit-Angebote gestellt haben, betragen die Unterst\u00fctzungskosten (Stand M\u00e4rz 2026) f\u00fcr die meisten Extra-Angebote 226,\u2014 \u20ac (wenn nichts anderes dabeisteht)<br \/>\nDie Sachkosten kommen jeweils noch dazu.<\/b><\/li>\n<li><b>Es besteht weiterhin die M\u00f6glichkeit, den gesamten Teilnahmepreis f\u00fcr Extra-Angebote \u00fcber den <\/b><b>Entlastungsbetrag der Pflegekasse <\/b><b>erstatten zu lassen.<\/b><\/li>\n<\/ol>\n<p>Sollten noch weitere Fragen bestehen\u2026..einfach fragen, anrufen\u2026. 06421\/1696760 oder per E-Mail: info@ag-freizeit.de<\/p>\n<p><code>\n\t\t\t\t<div class=\"event-list\">\n\t\t\t\t<style type=\"text\/css\">\n\t\t\t\t\t.filterbar { display:table; width:100% }\n\t\t\t\t\t.filterbar > div { display:table-cell }\n\t\t\t\t<\/style>\n\t\t\t\t<!--[if lte IE 7]>\n\t\t\t\t<style>.filterbar > div { float:left }<\/style>\n\t\t\t\t<![endif]-->\n\t\t\t\t<div class=\"filterbar subsubsub\">\n\t\t\t\t\t<div style=\"text-align:left\"><ul class=\"hlist\"><li><a href=\"https:\/\/www.ag-freizeit.de\/?page_id=103&#038;rest_route=%2Fwp%2Fv2%2Fpages%2F103&#038;date1=all\">Alle<\/a><\/li><li><strong>Anstehend<\/strong><\/li><li><a href=\"https:\/\/www.ag-freizeit.de\/?page_id=103&#038;rest_route=%2Fwp%2Fv2%2Fpages%2F103&#038;date1=2023\">2023<\/a><\/li><li><a href=\"https:\/\/www.ag-freizeit.de\/?page_id=103&#038;rest_route=%2Fwp%2Fv2%2Fpages%2F103&#038;date1=2024\">2024<\/a><\/li><li><a href=\"https:\/\/www.ag-freizeit.de\/?page_id=103&#038;rest_route=%2Fwp%2Fv2%2Fpages%2F103&#038;date1=2025\">2025<\/a><\/li><li><a href=\"https:\/\/www.ag-freizeit.de\/?page_id=103&#038;rest_route=%2Fwp%2Fv2%2Fpages%2F103&#038;date1=2026\">2026<\/a><\/li><\/ul>\n\t\t\t\t\t<\/div><\/div>\n\t\t\t\t<ul class=\"event-list-view\">\n\t\t\t \t<li class=\"event \">\n\t\t\t\t\t<div class=\"event-date single-date\"><div class=\"startdate\"><div class=\"event-weekday\">So.<\/div><div class=\"event-day\">19<\/div><div class=\"event-month\">Apr.<\/div><div class=\"event-year\">2026<\/div><\/div><\/div>\n\t\t\t\t\t<div class=\"event-info single-day\"><div class=\"event-title\"><h3><a href=\"https:\/\/www.ag-freizeit.de\/?page_id=103&amp;rest_route=%2Fwp%2Fv2%2Fpages%2F103&amp;event_id1=291550\">Hessenpark - Thementag &quot;Holz&quot; mit Viviane M\u00fcgge &amp; Yannik Soufi<\/a><\/h3><\/div><span class=\"event-time\">11-17<\/span><\/div>\n\t\t\t\t<\/li>\n\t\t\t \t<li class=\"event \">\n\t\t\t\t\t<div class=\"event-date single-date\"><div class=\"startdate\"><div class=\"event-weekday\">Sa.<\/div><div class=\"event-day\">25<\/div><div class=\"event-month\">Apr.<\/div><div class=\"event-year\">2026<\/div><\/div><\/div>\n\t\t\t\t\t<div class=\"event-info single-day\"><div class=\"event-title\"><h3><a href=\"https:\/\/www.ag-freizeit.de\/?page_id=103&amp;rest_route=%2Fwp%2Fv2%2Fpages%2F103&amp;event_id1=291553\">Besuch der Foto-Ausstellung &quot;Wir sehen gut aus! Wir sind sch\u00f6n&quot; beim Feministischen Rathaus mit Inge Hofmann &amp; Antonia Heni<\/a><\/h3><\/div><span class=\"event-time\">13-17<\/span><\/div>\n\t\t\t\t<\/li>\n\t\t\t \t<li class=\"event \">\n\t\t\t\t\t<div class=\"event-date single-date\"><div class=\"startdate\"><div class=\"event-weekday\">So.<\/div><div class=\"event-day\">26<\/div><div class=\"event-month\">Apr.<\/div><div class=\"event-year\">2026<\/div><\/div><\/div>\n\t\t\t\t\t<div class=\"event-info single-day\"><div class=\"event-title\"><h3><a href=\"https:\/\/www.ag-freizeit.de\/?page_id=103&amp;rest_route=%2Fwp%2Fv2%2Fpages%2F103&amp;event_id1=291555\">Fahrradtour mit Alexandra Kuttig &amp; Rebekka Jahnke<\/a><\/h3><\/div><span class=\"event-time\">11-17<\/span><\/div>\n\t\t\t\t<\/li>\n\t\t\t \t<li class=\"event \">\n\t\t\t\t\t<div class=\"event-date single-date\"><div class=\"startdate\"><div class=\"event-weekday\">So.<\/div><div class=\"event-day\">03<\/div><div class=\"event-month\">Mai<\/div><div class=\"event-year\">2026<\/div><\/div><\/div>\n\t\t\t\t\t<div class=\"event-info single-day\"><div class=\"event-title\"><h3><a href=\"https:\/\/www.ag-freizeit.de\/?page_id=103&amp;rest_route=%2Fwp%2Fv2%2Fpages%2F103&amp;event_id1=291557\">Fahrt zum Fort Fun mit Nico Schmidtke &amp; Basti Wernicke<\/a><\/h3><\/div><span class=\"event-time\">5:00 a.m.<\/span><\/div>\n\t\t\t\t<\/li>\n\t\t\t \t<li class=\"event \">\n\t\t\t\t\t<div class=\"event-date single-date\"><div class=\"startdate\"><div class=\"event-weekday\">Sa.<\/div><div class=\"event-day\">30<\/div><div class=\"event-month\">Mai<\/div><div class=\"event-year\">2026<\/div><\/div><\/div>\n\t\t\t\t\t<div class=\"event-info single-day\"><div class=\"event-title\"><h3><a href=\"https:\/\/www.ag-freizeit.de\/?page_id=103&amp;rest_route=%2Fwp%2Fv2%2Fpages%2F103&amp;event_id1=291559\">Wildpark Edersee mit Inge Hofmann &amp; Rebekka Jahnke<\/a><\/h3><\/div><span class=\"event-time\">11-17<\/span><\/div>\n\t\t\t\t<\/li>\n\t\t\t \t<li class=\"event \">\n\t\t\t\t\t<div class=\"event-date single-date\"><div class=\"startdate\"><div class=\"event-weekday\">So.<\/div><div class=\"event-day\">07<\/div><div class=\"event-month\">Juni<\/div><div class=\"event-year\">2026<\/div><\/div><\/div>\n\t\t\t\t\t<div class=\"event-info single-day\"><div class=\"event-title\"><h3><a href=\"https:\/\/www.ag-freizeit.de\/?page_id=103&amp;rest_route=%2Fwp%2Fv2%2Fpages%2F103&amp;event_id1=291561\">Wanderung im Vogelsberg mit Meng Wang &amp; Lea Anicic<\/a><\/h3><\/div><span class=\"event-time\">11-18<\/span><\/div>\n\t\t\t\t<\/li>\n\t\t\t \t<li class=\"event \">\n\t\t\t\t\t<div class=\"event-date single-date\"><div class=\"startdate\"><div class=\"event-weekday\">So.<\/div><div class=\"event-day\">14<\/div><div class=\"event-month\">Juni<\/div><div class=\"event-year\">2026<\/div><\/div><\/div>\n\t\t\t\t\t<div class=\"event-info single-day\"><div class=\"event-title\"><h3><a href=\"https:\/\/www.ag-freizeit.de\/?page_id=103&amp;rest_route=%2Fwp%2Fv2%2Fpages%2F103&amp;event_id1=291563\">Sommerrodelbahn mit Nico Schmidtke &amp; Basti Wernicke<\/a><\/h3><\/div><span class=\"event-time\">11-17<\/span><\/div>\n\t\t\t\t<\/li>\n\t\t\t \t<li class=\"event \">\n\t\t\t\t\t<div class=\"event-date single-date\"><div class=\"startdate\"><div class=\"event-weekday\">So.<\/div><div class=\"event-day\">21<\/div><div class=\"event-month\">Juni<\/div><div class=\"event-year\">2026<\/div><\/div><\/div>\n\t\t\t\t\t<div class=\"event-info single-day\"><div class=\"event-title\"><h3><a href=\"https:\/\/www.ag-freizeit.de\/?page_id=103&amp;rest_route=%2Fwp%2Fv2%2Fpages%2F103&amp;event_id1=291565\">Schifffahrt auf dem Edersee mit Jennie Wunsch &amp; Yannik Soufi<\/a><\/h3><\/div><span class=\"event-time\">11-17<\/span><\/div>\n\t\t\t\t<\/li>\n\t\t\t \t<li class=\"event \">\n\t\t\t\t\t<div class=\"event-date single-date\"><div class=\"startdate\"><div class=\"event-weekday\">So.<\/div><div class=\"event-day\">05<\/div><div class=\"event-month\">Juli<\/div><div class=\"event-year\">2026<\/div><\/div><\/div>\n\t\t\t\t\t<div class=\"event-info single-day\"><div class=\"event-title\"><h3><a href=\"https:\/\/www.ag-freizeit.de\/?page_id=103&amp;rest_route=%2Fwp%2Fv2%2Fpages%2F103&amp;event_id1=291567\">Kreativ-Tag: Batiken mit Rebekka Jahnke &amp; Islam Hamdi<\/a><\/h3><\/div><span class=\"event-time\">11-17<\/span><\/div>\n\t\t\t\t<\/li>\n\t\t\t \t<li class=\"event \">\n\t\t\t\t\t<div class=\"event-date single-date\"><div class=\"startdate\"><div class=\"event-weekday\">Sa.<\/div><div class=\"event-day\">11<\/div><div class=\"event-month\">Juli<\/div><div class=\"event-year\">2026<\/div><\/div><\/div>\n\t\t\t\t\t<div class=\"event-info single-day\"><div class=\"event-title\"><h3><a href=\"https:\/\/www.ag-freizeit.de\/?page_id=103&amp;rest_route=%2Fwp%2Fv2%2Fpages%2F103&amp;event_id1=291569\">3 Tage Marburg - Besuch beim Stadtfest<\/a><\/h3><\/div><span class=\"event-time\">14-18<\/span><\/div>\n\t\t\t\t<\/li>\n\t\t\t \t<li class=\"event \">\n\t\t\t\t\t<div class=\"event-date single-date\"><div class=\"startdate\"><div class=\"event-weekday\">So.<\/div><div class=\"event-day\">19<\/div><div class=\"event-month\">Juli<\/div><div class=\"event-year\">2026<\/div><\/div><\/div>\n\t\t\t\t\t<div class=\"event-info single-day\"><div class=\"event-title\"><h3><a href=\"https:\/\/www.ag-freizeit.de\/?page_id=103&amp;rest_route=%2Fwp%2Fv2%2Fpages%2F103&amp;event_id1=291571\">Lebendiges Museum Odershausen mit Alexandra Kuttig &amp; Islam Hamdi<\/a><\/h3><\/div><span class=\"event-time\">11-17<\/span><\/div>\n\t\t\t\t<\/li>\n\t\t\t \t<li class=\"event \">\n\t\t\t\t\t<div class=\"event-date single-date\"><div class=\"startdate\"><div class=\"event-weekday\">So.<\/div><div class=\"event-day\">30<\/div><div class=\"event-month\">Aug.<\/div><div class=\"event-year\">2026<\/div><\/div><\/div>\n\t\t\t\t\t<div class=\"event-info single-day\"><div class=\"event-title\"><h3><a href=\"https:\/\/www.ag-freizeit.de\/?page_id=103&amp;rest_route=%2Fwp%2Fv2%2Fpages%2F103&amp;event_id1=291573\">Eselspaziergang mit Lea Anicic &amp; Nico Schmidtke<\/a><\/h3><\/div><span class=\"event-time\">11-17<\/span><\/div>\n\t\t\t\t<\/li>\n\t\t\t \t<li class=\"event \">\n\t\t\t\t\t<div class=\"event-date single-date\"><div class=\"startdate\"><div class=\"event-weekday\">So.<\/div><div class=\"event-day\">13<\/div><div class=\"event-month\">Sep.<\/div><div class=\"event-year\">2026<\/div><\/div><\/div>\n\t\t\t\t\t<div class=\"event-info single-day\"><div class=\"event-title\"><h3><a href=\"https:\/\/www.ag-freizeit.de\/?page_id=103&amp;rest_route=%2Fwp%2Fv2%2Fpages%2F103&amp;event_id1=291575\">Wanderung in den Herbst mit Viviane M\u00fcgge &amp; Lea Anicic<\/a><\/h3><\/div><span class=\"event-time\">11-17<\/span><\/div>\n\t\t\t\t<\/li>\n\t\t\t \t<li class=\"event \">\n\t\t\t\t\t<div class=\"event-date single-date\"><div class=\"startdate\"><div class=\"event-weekday\">So.<\/div><div class=\"event-day\">18<\/div><div class=\"event-month\">Okt.<\/div><div class=\"event-year\">2026<\/div><\/div><\/div>\n\t\t\t\t\t<div class=\"event-info single-day\"><div class=\"event-title\"><h3><a href=\"https:\/\/www.ag-freizeit.de\/?page_id=103&amp;rest_route=%2Fwp%2Fv2%2Fpages%2F103&amp;event_id1=291577\">Wildpark Frankenberg mit Antonia Heni &amp; Inge Hofmann<\/a><\/h3><\/div><span class=\"event-time\">11-17<\/span><\/div>\n\t\t\t\t<\/li>\n\t\t\t \t<li class=\"event \">\n\t\t\t\t\t<div class=\"event-date single-date\"><div class=\"startdate\"><div class=\"event-weekday\">So.<\/div><div class=\"event-day\">01<\/div><div class=\"event-month\">Nov.<\/div><div class=\"event-year\">2026<\/div><\/div><\/div>\n\t\t\t\t\t<div class=\"event-info single-day\"><div class=\"event-title\"><h3><a href=\"https:\/\/www.ag-freizeit.de\/?page_id=103&amp;rest_route=%2Fwp%2Fv2%2Fpages%2F103&amp;event_id1=291579\">Vulkaneum Schotten mit Viviane M\u00fcgge &amp; Regina Nierentz<\/a><\/h3><\/div><span class=\"event-time\">11-17<\/span><\/div>\n\t\t\t\t<\/li>\n\t\t\t \t<li class=\"event \">\n\t\t\t\t\t<div class=\"event-date single-date\"><div class=\"startdate\"><div class=\"event-weekday\">So.<\/div><div class=\"event-day\">15<\/div><div class=\"event-month\">Nov.<\/div><div class=\"event-year\">2026<\/div><\/div><\/div>\n\t\t\t\t\t<div class=\"event-info single-day\"><div class=\"event-title\"><h3><a href=\"https:\/\/www.ag-freizeit.de\/?page_id=103&amp;rest_route=%2Fwp%2Fv2%2Fpages%2F103&amp;event_id1=291581\">Bauernmarkt im Hessenpark mit Meng Wang &amp; Inge Hofmann<\/a><\/h3><\/div><span class=\"event-time\">11-17<\/span><\/div>\n\t\t\t\t<\/li>\n\t\t\t \t<li class=\"event \">\n\t\t\t\t\t<div class=\"event-date single-date\"><div class=\"startdate\"><div class=\"event-weekday\">So.<\/div><div class=\"event-day\">06<\/div><div class=\"event-month\">Dez.<\/div><div class=\"event-year\">2026<\/div><\/div><\/div>\n\t\t\t\t\t<div class=\"event-info single-day\"><div class=\"event-title\"><h3><a href=\"https:\/\/www.ag-freizeit.de\/?page_id=103&amp;rest_route=%2Fwp%2Fv2%2Fpages%2F103&amp;event_id1=291583\">Nikolaus-Holzwerkstatt mit Alexandra Kuttig &amp; Mira Meiffert<\/a><\/h3><\/div><span class=\"event-time\">11-17<\/span><\/div>\n\t\t\t\t<\/li><\/ul>\n\t\t\t\t<\/div><\/code><\/p>\n","protected":false},"excerpt":{"rendered":"<p>Unter dem Motto Kultur &amp; Natur werden jedes Jahr ca. 20 Tagesfahrten zu besonderen Ereignissen, Veranstaltungen, Orten&#8230; (z.B. zum Eislaufen, zu Mittelalterm\u00e4rkten, zu Konzerten, in Freizeitparks usw.) angeboten. Neu f\u00fcr 2026: Die Teilnahmepreise teilen sich auf in Unterst\u00fctzungskosten und Sachkosten: f\u00fcr regelm\u00e4\u00dfige Besucher*innen des Nachmittagscaf\u00e9s, die einen Antrag beim LWV gestellt haben, sind die Unterst\u00fctzungskosten &#8230; <a title=\"Kultur &#038; Natur\" class=\"read-more\" href=\"https:\/\/www.ag-freizeit.de\/?page_id=103\">Weiterlesen &#8230;<\/a><\/p>\n","protected":false},"author":1,"featured_media":0,"parent":21,"menu_order":5,"comment_status":"closed","ping_status":"closed","template":"","meta":{"_bbp_topic_count":0,"_bbp_reply_count":0,"_bbp_total_topic_count":0,"_bbp_total_reply_count":0,"_bbp_voice_count":0,"_bbp_anonymous_reply_count":0,"_bbp_topic_count_hidden":0,"_bbp_reply_count_hidden":0,"_bbp_forum_subforum_count":0,"_cbd_carousel_blocks":"[]","generate_page_header":"","footnotes":""},"class_list":["post-103","page","type-page","status-publish"],"publishpress_future_action":{"enabled":false,"date":"2026-04-22 23:55:14","action":"change-status","newStatus":"draft","terms":[],"taxonomy":"","extraData":[]},"publishpress_future_workflow_manual_trigger":{"enabledWorkflows":[]},"_links":{"self":[{"href":"https:\/\/www.ag-freizeit.de\/index.php?rest_route=\/wp\/v2\/pages\/103","targetHints":{"allow":["GET"]}}],"collection":[{"href":"https:\/\/www.ag-freizeit.de\/index.php?rest_route=\/wp\/v2\/pages"}],"about":[{"href":"https:\/\/www.ag-freizeit.de\/index.php?rest_route=\/wp\/v2\/types\/page"}],"author":[{"embeddable":true,"href":"https:\/\/www.ag-freizeit.de\/index.php?rest_route=\/wp\/v2\/users\/1"}],"replies":[{"embeddable":true,"href":"https:\/\/www.ag-freizeit.de\/index.php?rest_route=%2Fwp%2Fv2%2Fcomments&post=103"}],"version-history":[{"count":4,"href":"https:\/\/www.ag-freizeit.de\/index.php?rest_route=\/wp\/v2\/pages\/103\/revisions"}],"predecessor-version":[{"id":291549,"href":"https:\/\/www.ag-freizeit.de\/index.php?rest_route=\/wp\/v2\/pages\/103\/revisions\/291549"}],"up":[{"embeddable":true,"href":"https:\/\/www.ag-freizeit.de\/index.php?rest_route=\/wp\/v2\/pages\/21"}],"wp:attachment":[{"href":"https:\/\/www.ag-freizeit.de\/index.php?rest_route=%2Fwp%2Fv2%2Fmedia&parent=103"}],"curies":[{"name":"wp","href":"https:\/\/api.w.org\/{rel}","templated":true}]}}